{"id":949,"date":"2018-07-20T15:57:55","date_gmt":"2018-07-20T13:57:55","guid":{"rendered":"http:\/\/wp.kristdemokraterna.se\/ydre\/?page_id=949"},"modified":"2018-07-20T15:58:55","modified_gmt":"2018-07-20T13:58:55","slug":"949-2","status":"publish","type":"page","link":"https:\/\/wp.kristdemokraterna.se\/ydre\/949-2\/","title":{"rendered":"2016-03-18 \u00c4r gr\u00e4set gr\u00f6nare utanf\u00f6r Ydre?"},"content":{"rendered":"<p>F\u00f6r tredje dagen i rad diskuterade kommunstyrelsen n\u00e4sta \u00e5rs budget. \u00c4ven om ekonomin \u00e4r b\u00e4ttre \u00e4n p\u00e5 l\u00e4nge m\u00e5ste vi vara f\u00f6rsiktiga med utgifter.<br \/>\nEn efter en presenterade de olika verksamhetsgrenarna sin situation. Skolan har lyckligtvis n\u00e4stan bara beh\u00f6riga l\u00e4rare. Och resultaten \u00e4r goda. Nyligen gjorde n\u00e5gra av h\u00f6gstadiets elever bra ifr\u00e5n sig i en matematikt\u00e4vling.<\/p>\n<p><img loading=\"lazy\" decoding=\"async\" src=\"http:\/\/ydrebo.se\/kd\/veckobrev2016\/Norra_Vi.JPG\" width=\"600\" height=\"461\" \/><br \/>\n<i>Ydre &#8211; en bygd att trivas i.<\/p>\n<p><\/i>Hur kommer det sig att v\u00e5ra l\u00e4rare stannar i s\u00e5 h\u00f6g utstr\u00e4ckning? Det g\u00e5r att f\u00e5 mer betalt i Stockholm. Och redan Tran\u00e5s borde ju vara en sv\u00e5r konkurrent om v\u00e5r personal. Om man ser till pengarna \u00e4r nog gr\u00e4set gr\u00f6nare p\u00e5 andra st\u00e4llen.<br \/>\nVi ville g\u00e4rna veta vad som g\u00f6r att vi f\u00e5tt beh\u00e5lla s\u00e5 m\u00e5nga l\u00e4rare. Svaret tycks vara att l\u00e4rarna helt enkelt trivs h\u00e4r. De trivs med atmosf\u00e4ren p\u00e5 sin arbetsplats.\u00a0<b>Och de trivs med eleverna!<\/b><\/p>\n<p>Gr\u00e4set \u00e4r gr\u00f6nare i Ydre. Vi m\u00e5ste se till att det f\u00f6rblir s\u00e5.<\/p>\n<p><i>Bengt Malm, ordf.<br \/>\n18 mars 2016<\/i><\/p>\n<p><img loading=\"lazy\" decoding=\"async\" src=\"http:\/\/ydrebo.se\/kd\/veckobrev2016\/krokus.JPG\" width=\"600\" height=\"457\" \/><br \/>\n<i>V\u00e5ren har kommit till Ydre.<\/i><\/p>\n","protected":false},"excerpt":{"rendered":"<p>F\u00f6r tredje dagen i rad diskuterade kommunstyrelsen n\u00e4sta \u00e5rs budget. \u00c4ven om ekonomin \u00e4r b\u00e4ttre \u00e4n p\u00e5 l\u00e4nge m\u00e5ste vi vara f\u00f6rsiktiga med utgifter. En efter en presenterade de olika verksamhetsgrenarna sin situation. Skolan har lyckligtvis n\u00e4stan bara beh\u00f6riga l\u00e4rare. Och resultaten \u00e4r goda. Nyligen gjorde n\u00e5gra av h\u00f6gstadiets elever bra ifr\u00e5n sig i en <a class=\"read-more-link\" href=\"https:\/\/wp.kristdemokraterna.se\/ydre\/949-2\/\">L\u00e4s mer<\/a><\/p>\n","protected":false},"author":793,"featured_media":0,"parent":0,"menu_order":0,"comment_status":"closed","ping_status":"closed","template":"","meta":{"_acf_changed":false,"footnotes":""},"class_list":["post-949","page","type-page","status-publish","hentry"],"acf":[],"yoast_head":"<!-- This site is optimized with the Yoast SEO plugin v27.5 - https:\/\/yoast.com\/product\/yoast-seo-wordpress\/ -->\n<title>2016-03-18 \u00c4r gr\u00e4set gr\u00f6nare utanf\u00f6r Ydre? - Kristdemokraterna i Ydre<\/title>\n<meta name=\"robots\" content=\"index, follow, max-snippet:-1, max-image-preview:large, max-video-preview:-1\" \/>\n<link rel=\"canonical\" href=\"https:\/\/wp.kristdemokraterna.se\/ydre\/949-2\/\" \/>\n<meta property=\"og:locale\" content=\"sv_SE\" \/>\n<meta property=\"og:type\" content=\"article\" \/>\n<meta property=\"og:title\" content=\"2016-03-18 \u00c4r gr\u00e4set gr\u00f6nare utanf\u00f6r Ydre? - Kristdemokraterna i Ydre\" \/>\n<meta property=\"og:description\" content=\"F\u00f6r tredje dagen i rad diskuterade kommunstyrelsen n\u00e4sta \u00e5rs budget. \u00c4ven om ekonomin \u00e4r b\u00e4ttre \u00e4n p\u00e5 l\u00e4nge m\u00e5ste vi vara f\u00f6rsiktiga med utgifter. En efter en presenterade de olika verksamhetsgrenarna sin situation. Skolan har lyckligtvis n\u00e4stan bara beh\u00f6riga l\u00e4rare. Och resultaten \u00e4r goda. Nyligen gjorde n\u00e5gra av h\u00f6gstadiets elever bra ifr\u00e5n sig i en L\u00e4s mer\" \/>\n<meta property=\"og:url\" content=\"https:\/\/wp.kristdemokraterna.se\/ydre\/949-2\/\" \/>\n<meta property=\"og:site_name\" content=\"Kristdemokraterna i Ydre\" \/>\n<meta property=\"article:modified_time\" content=\"2018-07-20T13:58:55+00:00\" \/>\n<meta property=\"og:image\" content=\"http:\/\/ydrebo.se\/kd\/veckobrev2016\/Norra_Vi.JPG\" \/>\n<meta name=\"twitter:card\" content=\"summary_large_image\" \/>\n<meta name=\"twitter:label1\" content=\"Ber\u00e4knad l\u00e4stid\" \/>\n\t<meta name=\"twitter:data1\" content=\"1 minut\" \/>\n<script type=\"application\/ld+json\" class=\"yoast-schema-graph\">{\"@context\":\"https:\\\/\\\/schema.org\",\"@graph\":[{\"@type\":\"WebPage\",\"@id\":\"https:\\\/\\\/wp.kristdemokraterna.se\\\/ydre\\\/949-2\\\/\",\"url\":\"https:\\\/\\\/wp.kristdemokraterna.se\\\/ydre\\\/949-2\\\/\",\"name\":\"2016-03-18 \u00c4r gr\u00e4set gr\u00f6nare utanf\u00f6r Ydre? - Kristdemokraterna i Ydre\",\"isPartOf\":{\"@id\":\"https:\\\/\\\/wp.kristdemokraterna.se\\\/ydre\\\/#website\"},\"primaryImageOfPage\":{\"@id\":\"https:\\\/\\\/wp.kristdemokraterna.se\\\/ydre\\\/949-2\\\/#primaryimage\"},\"image\":{\"@id\":\"https:\\\/\\\/wp.kristdemokraterna.se\\\/ydre\\\/949-2\\\/#primaryimage\"},\"thumbnailUrl\":\"http:\\\/\\\/ydrebo.se\\\/kd\\\/veckobrev2016\\\/Norra_Vi.JPG\",\"datePublished\":\"2018-07-20T13:57:55+00:00\",\"dateModified\":\"2018-07-20T13:58:55+00:00\",\"breadcrumb\":{\"@id\":\"https:\\\/\\\/wp.kristdemokraterna.se\\\/ydre\\\/949-2\\\/#breadcrumb\"},\"inLanguage\":\"sv-SE\",\"potentialAction\":[{\"@type\":\"ReadAction\",\"target\":[\"https:\\\/\\\/wp.kristdemokraterna.se\\\/ydre\\\/949-2\\\/\"]}]},{\"@type\":\"ImageObject\",\"inLanguage\":\"sv-SE\",\"@id\":\"https:\\\/\\\/wp.kristdemokraterna.se\\\/ydre\\\/949-2\\\/#primaryimage\",\"url\":\"http:\\\/\\\/ydrebo.se\\\/kd\\\/veckobrev2016\\\/Norra_Vi.JPG\",\"contentUrl\":\"http:\\\/\\\/ydrebo.se\\\/kd\\\/veckobrev2016\\\/Norra_Vi.JPG\"},{\"@type\":\"BreadcrumbList\",\"@id\":\"https:\\\/\\\/wp.kristdemokraterna.se\\\/ydre\\\/949-2\\\/#breadcrumb\",\"itemListElement\":[{\"@type\":\"ListItem\",\"position\":1,\"name\":\"Hem\",\"item\":\"https:\\\/\\\/wp.kristdemokraterna.se\\\/ydre\\\/\"},{\"@type\":\"ListItem\",\"position\":2,\"name\":\"2016-03-18 \u00c4r gr\u00e4set gr\u00f6nare utanf\u00f6r Ydre?\"}]},{\"@type\":\"WebSite\",\"@id\":\"https:\\\/\\\/wp.kristdemokraterna.se\\\/ydre\\\/#website\",\"url\":\"https:\\\/\\\/wp.kristdemokraterna.se\\\/ydre\\\/\",\"name\":\"Kristdemokraterna i Ydre\",\"description\":\"En till Kristdemokraterna webbplats\",\"inLanguage\":\"sv-SE\"}]}<\/script>\n<!-- \/ Yoast SEO plugin. -->","yoast_head_json":{"title":"2016-03-18 \u00c4r gr\u00e4set gr\u00f6nare utanf\u00f6r Ydre? - Kristdemokraterna i Ydre","robots":{"index":"index","follow":"follow","max-snippet":"max-snippet:-1","max-image-preview":"max-image-preview:large","max-video-preview":"max-video-preview:-1"},"canonical":"https:\/\/wp.kristdemokraterna.se\/ydre\/949-2\/","og_locale":"sv_SE","og_type":"article","og_title":"2016-03-18 \u00c4r gr\u00e4set gr\u00f6nare utanf\u00f6r Ydre? - Kristdemokraterna i Ydre","og_description":"F\u00f6r tredje dagen i rad diskuterade kommunstyrelsen n\u00e4sta \u00e5rs budget. \u00c4ven om ekonomin \u00e4r b\u00e4ttre \u00e4n p\u00e5 l\u00e4nge m\u00e5ste vi vara f\u00f6rsiktiga med utgifter. En efter en presenterade de olika verksamhetsgrenarna sin situation. Skolan har lyckligtvis n\u00e4stan bara beh\u00f6riga l\u00e4rare. Och resultaten \u00e4r goda. Nyligen gjorde n\u00e5gra av h\u00f6gstadiets elever bra ifr\u00e5n sig i en L\u00e4s mer","og_url":"https:\/\/wp.kristdemokraterna.se\/ydre\/949-2\/","og_site_name":"Kristdemokraterna i Ydre","article_modified_time":"2018-07-20T13:58:55+00:00","og_image":[{"url":"http:\/\/ydrebo.se\/kd\/veckobrev2016\/Norra_Vi.JPG","type":"","width":"","height":""}],"twitter_card":"summary_large_image","twitter_misc":{"Ber\u00e4knad l\u00e4stid":"1 minut"},"schema":{"@context":"https:\/\/schema.org","@graph":[{"@type":"WebPage","@id":"https:\/\/wp.kristdemokraterna.se\/ydre\/949-2\/","url":"https:\/\/wp.kristdemokraterna.se\/ydre\/949-2\/","name":"2016-03-18 \u00c4r gr\u00e4set gr\u00f6nare utanf\u00f6r Ydre? - Kristdemokraterna i Ydre","isPartOf":{"@id":"https:\/\/wp.kristdemokraterna.se\/ydre\/#website"},"primaryImageOfPage":{"@id":"https:\/\/wp.kristdemokraterna.se\/ydre\/949-2\/#primaryimage"},"image":{"@id":"https:\/\/wp.kristdemokraterna.se\/ydre\/949-2\/#primaryimage"},"thumbnailUrl":"http:\/\/ydrebo.se\/kd\/veckobrev2016\/Norra_Vi.JPG","datePublished":"2018-07-20T13:57:55+00:00","dateModified":"2018-07-20T13:58:55+00:00","breadcrumb":{"@id":"https:\/\/wp.kristdemokraterna.se\/ydre\/949-2\/#breadcrumb"},"inLanguage":"sv-SE","potentialAction":[{"@type":"ReadAction","target":["https:\/\/wp.kristdemokraterna.se\/ydre\/949-2\/"]}]},{"@type":"ImageObject","inLanguage":"sv-SE","@id":"https:\/\/wp.kristdemokraterna.se\/ydre\/949-2\/#primaryimage","url":"http:\/\/ydrebo.se\/kd\/veckobrev2016\/Norra_Vi.JPG","contentUrl":"http:\/\/ydrebo.se\/kd\/veckobrev2016\/Norra_Vi.JPG"},{"@type":"BreadcrumbList","@id":"https:\/\/wp.kristdemokraterna.se\/ydre\/949-2\/#breadcrumb","itemListElement":[{"@type":"ListItem","position":1,"name":"Hem","item":"https:\/\/wp.kristdemokraterna.se\/ydre\/"},{"@type":"ListItem","position":2,"name":"2016-03-18 \u00c4r gr\u00e4set gr\u00f6nare utanf\u00f6r Ydre?"}]},{"@type":"WebSite","@id":"https:\/\/wp.kristdemokraterna.se\/ydre\/#website","url":"https:\/\/wp.kristdemokraterna.se\/ydre\/","name":"Kristdemokraterna i Ydre","description":"En till Kristdemokraterna webbplats","inLanguage":"sv-SE"}]}},"_links":{"self":[{"href":"https:\/\/wp.kristdemokraterna.se\/ydre\/wp-json\/wp\/v2\/pages\/949","targetHints":{"allow":["GET"]}}],"collection":[{"href":"https:\/\/wp.kristdemokraterna.se\/ydre\/wp-json\/wp\/v2\/pages"}],"about":[{"href":"https:\/\/wp.kristdemokraterna.se\/ydre\/wp-json\/wp\/v2\/types\/page"}],"author":[{"embeddable":true,"href":"https:\/\/wp.kristdemokraterna.se\/ydre\/wp-json\/wp\/v2\/users\/793"}],"replies":[{"embeddable":true,"href":"https:\/\/wp.kristdemokraterna.se\/ydre\/wp-json\/wp\/v2\/comments?post=949"}],"version-history":[{"count":2,"href":"https:\/\/wp.kristdemokraterna.se\/ydre\/wp-json\/wp\/v2\/pages\/949\/revisions"}],"predecessor-version":[{"id":951,"href":"https:\/\/wp.kristdemokraterna.se\/ydre\/wp-json\/wp\/v2\/pages\/949\/revisions\/951"}],"wp:attachment":[{"href":"https:\/\/wp.kristdemokraterna.se\/ydre\/wp-json\/wp\/v2\/media?parent=949"}],"curies":[{"name":"wp","href":"https:\/\/api.w.org\/{rel}","templated":true}]}}