{"id":953,"date":"2018-07-20T16:00:55","date_gmt":"2018-07-20T14:00:55","guid":{"rendered":"http:\/\/wp.kristdemokraterna.se\/ydre\/?page_id=953"},"modified":"2018-07-20T16:02:06","modified_gmt":"2018-07-20T14:02:06","slug":"2016-03-23-ar-det-langt-till-bryssel","status":"publish","type":"page","link":"https:\/\/wp.kristdemokraterna.se\/ydre\/2016-03-23-ar-det-langt-till-bryssel\/","title":{"rendered":"2016-03-23 \u00c4r det l\u00e5ngt till Bryssel?"},"content":{"rendered":"<p>Jo, visst \u00e4r det l\u00e5ngt. Det \u00e4r mer \u00e4n 100 mil dit. Och d\u00e4r \u00e4r allt s\u00e5 annorlunda.<br \/>\nVi har ingen tunnelbanestation och ingen internationell flygplats. Inte ens n\u00e4r det \u00e4r marknad \u00e4r det n\u00e5gon stor tr\u00e4ngsel. Det \u00e4r sv\u00e5rt att f\u00f6rest\u00e4lla sig att n\u00e5got vi har skulle kunna vara en m\u00e5ltavla f\u00f6r terrorister.<\/p>\n<p><img loading=\"lazy\" decoding=\"async\" src=\"http:\/\/ydrebo.se\/kd\/veckobrev2016\/forskola.JPG\" width=\"600\" height=\"461\" \/><br \/>\n<i>Vi kommer att satsa \u00e4nnu mer p\u00e5 barn och \u00e4ldre. H\u00e4r \u00e4r v\u00e5r nyaste f\u00f6rskola.<\/p>\n<p><\/i>I f\u00f6rrg\u00e5r &#8211; medan terroristerna i Bryssel lade sista hand vid sina f\u00f6rberedelser &#8211; h\u00f6ll Ydre kommunstyrelse p\u00e5 med n\u00e5got helt annat. Vi skulle l\u00e4gga sista hand vid ett budgetf\u00f6rslag f\u00f6r n\u00e4sta \u00e5r.<br \/>\nDet \u00e4r tv\u00e5 fr\u00e5gor som hela tiden varit aktuella i budgetarbetet. Vad beh\u00f6ver vi? Vad har vi r\u00e5d med? Att j\u00e4mka ihop svaren p\u00e5 de b\u00e5da fr\u00e5gorna har inte varit l\u00e4tt.<br \/>\nVi reser varken med tunnelbana eller flyg h\u00e4r. Men i h\u00f6st b\u00f6rjar region \u00d6sterg\u00f6tland p\u00e5 prov k\u00f6ra en busslinje fr\u00e5n centrala Ydre till Kisa. Skall vi satsa pengar p\u00e5 fortsatt drift n\u00e4sta \u00e5r?<br \/>\nJa, vad kommer att k\u00e4nnas angel\u00e4get om ett \u00e5r. Kommer det att vara s\u00e5 angel\u00e4get att vi m\u00e5ste reservera medel redan nu?<br \/>\nOch \u00e4r det f\u00f6rresten s\u00e5 l\u00e5ngt till Bryssel? Vi bor i Europa och Bryssel \u00e4r v\u00e5r huvudstad. Europa ang\u00e5r oss!<\/p>\n<p><i>Bengt Malm, ordf.<br \/>\n23 mars 2016<\/i><\/p>\n<p><img loading=\"lazy\" decoding=\"async\" src=\"http:\/\/ydrebo.se\/kd\/veckobrev2015\/vattendrag.JPG\" width=\"600\" height=\"461\" \/><br \/>\n<i>Europa ber\u00f6r oss &#8211; \u00e4ven i v\u00e5r lugna vr\u00e5 (Bulsj\u00f6\u00e5n vid \u00d6sterfors smedja).<\/i><\/p>\n","protected":false},"excerpt":{"rendered":"<p>Jo, visst \u00e4r det l\u00e5ngt. Det \u00e4r mer \u00e4n 100 mil dit. Och d\u00e4r \u00e4r allt s\u00e5 annorlunda. Vi har ingen tunnelbanestation och ingen internationell flygplats. Inte ens n\u00e4r det \u00e4r marknad \u00e4r det n\u00e5gon stor tr\u00e4ngsel. Det \u00e4r sv\u00e5rt att f\u00f6rest\u00e4lla sig att n\u00e5got vi har skulle kunna vara en m\u00e5ltavla f\u00f6r terrorister. Vi <a class=\"read-more-link\" href=\"https:\/\/wp.kristdemokraterna.se\/ydre\/2016-03-23-ar-det-langt-till-bryssel\/\">L\u00e4s mer<\/a><\/p>\n","protected":false},"author":793,"featured_media":0,"parent":0,"menu_order":0,"comment_status":"closed","ping_status":"closed","template":"","meta":{"_acf_changed":false,"footnotes":""},"class_list":["post-953","page","type-page","status-publish","hentry"],"acf":[],"yoast_head":"<!-- This site is optimized with the Yoast SEO plugin v27.5 - https:\/\/yoast.com\/product\/yoast-seo-wordpress\/ -->\n<title>2016-03-23 \u00c4r det l\u00e5ngt till Bryssel? - Kristdemokraterna i Ydre<\/title>\n<meta name=\"robots\" content=\"index, follow, max-snippet:-1, max-image-preview:large, max-video-preview:-1\" \/>\n<link rel=\"canonical\" href=\"https:\/\/wp.kristdemokraterna.se\/ydre\/2016-03-23-ar-det-langt-till-bryssel\/\" \/>\n<meta property=\"og:locale\" content=\"sv_SE\" \/>\n<meta property=\"og:type\" content=\"article\" \/>\n<meta property=\"og:title\" content=\"2016-03-23 \u00c4r det l\u00e5ngt till Bryssel? - Kristdemokraterna i Ydre\" \/>\n<meta property=\"og:description\" content=\"Jo, visst \u00e4r det l\u00e5ngt. Det \u00e4r mer \u00e4n 100 mil dit. Och d\u00e4r \u00e4r allt s\u00e5 annorlunda. Vi har ingen tunnelbanestation och ingen internationell flygplats. Inte ens n\u00e4r det \u00e4r marknad \u00e4r det n\u00e5gon stor tr\u00e4ngsel. Det \u00e4r sv\u00e5rt att f\u00f6rest\u00e4lla sig att n\u00e5got vi har skulle kunna vara en m\u00e5ltavla f\u00f6r terrorister. Vi L\u00e4s mer\" \/>\n<meta property=\"og:url\" content=\"https:\/\/wp.kristdemokraterna.se\/ydre\/2016-03-23-ar-det-langt-till-bryssel\/\" \/>\n<meta property=\"og:site_name\" content=\"Kristdemokraterna i Ydre\" \/>\n<meta property=\"article:modified_time\" content=\"2018-07-20T14:02:06+00:00\" \/>\n<meta property=\"og:image\" content=\"http:\/\/ydrebo.se\/kd\/veckobrev2016\/forskola.JPG\" \/>\n<meta name=\"twitter:card\" content=\"summary_large_image\" \/>\n<meta name=\"twitter:label1\" content=\"Ber\u00e4knad l\u00e4stid\" \/>\n\t<meta name=\"twitter:data1\" content=\"1 minut\" \/>\n<script type=\"application\/ld+json\" class=\"yoast-schema-graph\">{\"@context\":\"https:\\\/\\\/schema.org\",\"@graph\":[{\"@type\":\"WebPage\",\"@id\":\"https:\\\/\\\/wp.kristdemokraterna.se\\\/ydre\\\/2016-03-23-ar-det-langt-till-bryssel\\\/\",\"url\":\"https:\\\/\\\/wp.kristdemokraterna.se\\\/ydre\\\/2016-03-23-ar-det-langt-till-bryssel\\\/\",\"name\":\"2016-03-23 \u00c4r det l\u00e5ngt till Bryssel? - Kristdemokraterna i Ydre\",\"isPartOf\":{\"@id\":\"https:\\\/\\\/wp.kristdemokraterna.se\\\/ydre\\\/#website\"},\"primaryImageOfPage\":{\"@id\":\"https:\\\/\\\/wp.kristdemokraterna.se\\\/ydre\\\/2016-03-23-ar-det-langt-till-bryssel\\\/#primaryimage\"},\"image\":{\"@id\":\"https:\\\/\\\/wp.kristdemokraterna.se\\\/ydre\\\/2016-03-23-ar-det-langt-till-bryssel\\\/#primaryimage\"},\"thumbnailUrl\":\"http:\\\/\\\/ydrebo.se\\\/kd\\\/veckobrev2016\\\/forskola.JPG\",\"datePublished\":\"2018-07-20T14:00:55+00:00\",\"dateModified\":\"2018-07-20T14:02:06+00:00\",\"breadcrumb\":{\"@id\":\"https:\\\/\\\/wp.kristdemokraterna.se\\\/ydre\\\/2016-03-23-ar-det-langt-till-bryssel\\\/#breadcrumb\"},\"inLanguage\":\"sv-SE\",\"potentialAction\":[{\"@type\":\"ReadAction\",\"target\":[\"https:\\\/\\\/wp.kristdemokraterna.se\\\/ydre\\\/2016-03-23-ar-det-langt-till-bryssel\\\/\"]}]},{\"@type\":\"ImageObject\",\"inLanguage\":\"sv-SE\",\"@id\":\"https:\\\/\\\/wp.kristdemokraterna.se\\\/ydre\\\/2016-03-23-ar-det-langt-till-bryssel\\\/#primaryimage\",\"url\":\"http:\\\/\\\/ydrebo.se\\\/kd\\\/veckobrev2016\\\/forskola.JPG\",\"contentUrl\":\"http:\\\/\\\/ydrebo.se\\\/kd\\\/veckobrev2016\\\/forskola.JPG\"},{\"@type\":\"BreadcrumbList\",\"@id\":\"https:\\\/\\\/wp.kristdemokraterna.se\\\/ydre\\\/2016-03-23-ar-det-langt-till-bryssel\\\/#breadcrumb\",\"itemListElement\":[{\"@type\":\"ListItem\",\"position\":1,\"name\":\"Hem\",\"item\":\"https:\\\/\\\/wp.kristdemokraterna.se\\\/ydre\\\/\"},{\"@type\":\"ListItem\",\"position\":2,\"name\":\"2016-03-23 \u00c4r det l\u00e5ngt till Bryssel?\"}]},{\"@type\":\"WebSite\",\"@id\":\"https:\\\/\\\/wp.kristdemokraterna.se\\\/ydre\\\/#website\",\"url\":\"https:\\\/\\\/wp.kristdemokraterna.se\\\/ydre\\\/\",\"name\":\"Kristdemokraterna i Ydre\",\"description\":\"En till Kristdemokraterna webbplats\",\"inLanguage\":\"sv-SE\"}]}<\/script>\n<!-- \/ Yoast SEO plugin. -->","yoast_head_json":{"title":"2016-03-23 \u00c4r det l\u00e5ngt till Bryssel? - Kristdemokraterna i Ydre","robots":{"index":"index","follow":"follow","max-snippet":"max-snippet:-1","max-image-preview":"max-image-preview:large","max-video-preview":"max-video-preview:-1"},"canonical":"https:\/\/wp.kristdemokraterna.se\/ydre\/2016-03-23-ar-det-langt-till-bryssel\/","og_locale":"sv_SE","og_type":"article","og_title":"2016-03-23 \u00c4r det l\u00e5ngt till Bryssel? - Kristdemokraterna i Ydre","og_description":"Jo, visst \u00e4r det l\u00e5ngt. Det \u00e4r mer \u00e4n 100 mil dit. Och d\u00e4r \u00e4r allt s\u00e5 annorlunda. Vi har ingen tunnelbanestation och ingen internationell flygplats. Inte ens n\u00e4r det \u00e4r marknad \u00e4r det n\u00e5gon stor tr\u00e4ngsel. Det \u00e4r sv\u00e5rt att f\u00f6rest\u00e4lla sig att n\u00e5got vi har skulle kunna vara en m\u00e5ltavla f\u00f6r terrorister. Vi L\u00e4s mer","og_url":"https:\/\/wp.kristdemokraterna.se\/ydre\/2016-03-23-ar-det-langt-till-bryssel\/","og_site_name":"Kristdemokraterna i Ydre","article_modified_time":"2018-07-20T14:02:06+00:00","og_image":[{"url":"http:\/\/ydrebo.se\/kd\/veckobrev2016\/forskola.JPG","type":"","width":"","height":""}],"twitter_card":"summary_large_image","twitter_misc":{"Ber\u00e4knad l\u00e4stid":"1 minut"},"schema":{"@context":"https:\/\/schema.org","@graph":[{"@type":"WebPage","@id":"https:\/\/wp.kristdemokraterna.se\/ydre\/2016-03-23-ar-det-langt-till-bryssel\/","url":"https:\/\/wp.kristdemokraterna.se\/ydre\/2016-03-23-ar-det-langt-till-bryssel\/","name":"2016-03-23 \u00c4r det l\u00e5ngt till Bryssel? - Kristdemokraterna i Ydre","isPartOf":{"@id":"https:\/\/wp.kristdemokraterna.se\/ydre\/#website"},"primaryImageOfPage":{"@id":"https:\/\/wp.kristdemokraterna.se\/ydre\/2016-03-23-ar-det-langt-till-bryssel\/#primaryimage"},"image":{"@id":"https:\/\/wp.kristdemokraterna.se\/ydre\/2016-03-23-ar-det-langt-till-bryssel\/#primaryimage"},"thumbnailUrl":"http:\/\/ydrebo.se\/kd\/veckobrev2016\/forskola.JPG","datePublished":"2018-07-20T14:00:55+00:00","dateModified":"2018-07-20T14:02:06+00:00","breadcrumb":{"@id":"https:\/\/wp.kristdemokraterna.se\/ydre\/2016-03-23-ar-det-langt-till-bryssel\/#breadcrumb"},"inLanguage":"sv-SE","potentialAction":[{"@type":"ReadAction","target":["https:\/\/wp.kristdemokraterna.se\/ydre\/2016-03-23-ar-det-langt-till-bryssel\/"]}]},{"@type":"ImageObject","inLanguage":"sv-SE","@id":"https:\/\/wp.kristdemokraterna.se\/ydre\/2016-03-23-ar-det-langt-till-bryssel\/#primaryimage","url":"http:\/\/ydrebo.se\/kd\/veckobrev2016\/forskola.JPG","contentUrl":"http:\/\/ydrebo.se\/kd\/veckobrev2016\/forskola.JPG"},{"@type":"BreadcrumbList","@id":"https:\/\/wp.kristdemokraterna.se\/ydre\/2016-03-23-ar-det-langt-till-bryssel\/#breadcrumb","itemListElement":[{"@type":"ListItem","position":1,"name":"Hem","item":"https:\/\/wp.kristdemokraterna.se\/ydre\/"},{"@type":"ListItem","position":2,"name":"2016-03-23 \u00c4r det l\u00e5ngt till Bryssel?"}]},{"@type":"WebSite","@id":"https:\/\/wp.kristdemokraterna.se\/ydre\/#website","url":"https:\/\/wp.kristdemokraterna.se\/ydre\/","name":"Kristdemokraterna i Ydre","description":"En till Kristdemokraterna webbplats","inLanguage":"sv-SE"}]}},"_links":{"self":[{"href":"https:\/\/wp.kristdemokraterna.se\/ydre\/wp-json\/wp\/v2\/pages\/953","targetHints":{"allow":["GET"]}}],"collection":[{"href":"https:\/\/wp.kristdemokraterna.se\/ydre\/wp-json\/wp\/v2\/pages"}],"about":[{"href":"https:\/\/wp.kristdemokraterna.se\/ydre\/wp-json\/wp\/v2\/types\/page"}],"author":[{"embeddable":true,"href":"https:\/\/wp.kristdemokraterna.se\/ydre\/wp-json\/wp\/v2\/users\/793"}],"replies":[{"embeddable":true,"href":"https:\/\/wp.kristdemokraterna.se\/ydre\/wp-json\/wp\/v2\/comments?post=953"}],"version-history":[{"count":3,"href":"https:\/\/wp.kristdemokraterna.se\/ydre\/wp-json\/wp\/v2\/pages\/953\/revisions"}],"predecessor-version":[{"id":956,"href":"https:\/\/wp.kristdemokraterna.se\/ydre\/wp-json\/wp\/v2\/pages\/953\/revisions\/956"}],"wp:attachment":[{"href":"https:\/\/wp.kristdemokraterna.se\/ydre\/wp-json\/wp\/v2\/media?parent=953"}],"curies":[{"name":"wp","href":"https:\/\/api.w.org\/{rel}","templated":true}]}}