{"id":963,"date":"2018-07-20T16:07:43","date_gmt":"2018-07-20T14:07:43","guid":{"rendered":"http:\/\/wp.kristdemokraterna.se\/ydre\/?page_id=963"},"modified":"2018-07-20T16:09:52","modified_gmt":"2018-07-20T14:09:52","slug":"2016-04-07-ydre-ar-inget-skatteparadis","status":"publish","type":"page","link":"https:\/\/wp.kristdemokraterna.se\/ydre\/2016-04-07-ydre-ar-inget-skatteparadis\/","title":{"rendered":"2016-04-07 Ydre \u00e4r inget skatteparadis"},"content":{"rendered":"<p>De s.k. panamadokumenten har v\u00e4ckt stort uppseende. Bl.a. har Islands statsminister och Ukrainas president visat sig ha placerat pengar i skatteparadis. F\u00f6ljden \u00e4r att Islands statsminister har f\u00e5tt avg\u00e5 Och Ukraina kanske g\u00e5r miste om ett f\u00f6rdelaktigt avtal med EU.<br \/>\nVisserligen h\u00e4nder detta l\u00e5ngt fr\u00e5n Ydre. Men det som sker i omv\u00e4rlden p\u00e5verkar ocks\u00e5 oss.<\/p>\n<p><img loading=\"lazy\" decoding=\"async\" src=\"http:\/\/ydrebo.se\/kd\/veckobrev2016\/Sund.jpg\" width=\"600\" height=\"408\" \/><br \/>\n<i>Ett paradis &#8211; men inte f\u00f6r skatter (Lilla Sundsj\u00f6n).<\/i><\/p>\n<p>Vi har andra bekymmer. Kan vi lita p\u00e5 Migrationsverket? Vi har naturligtvis tagit emot r\u00e4tt s\u00e5 m\u00e5nga ensamkommande ungdomar som flytt hit. De beh\u00f6ver n\u00e5got att g\u00f6ra i sommar. D\u00e4rf\u00f6r har kommunen f\u00f6rberett ett antal praktikplatser. Men de kan inte utnyttjas utan arbetstillst\u00e5nd fr\u00e5n Migrationsverket. Och dessa tillst\u00e5nd hinner kanske inte utf\u00e4rdas i tid&#8230;<br \/>\nTyv\u00e4rr lever dessa ungdomar l\u00e5ngt fr\u00e5n sina familjer. Det \u00e4r inte bra. Familjerna \u00e4r viktiga.<br \/>\nVarje \u00e5r brukar Kristdemokraterna ha en stor\u00a0manifestation f\u00f6r familjen p\u00e5 f\u00f6rsta maj<b>.<\/b>\u00a0I \u00e5r blir den i Link\u00f6ping. Om du har m\u00f6jlighet kan du vara med och lyssna p\u00e5 v\u00e5r partiledare Ebba Busch Thor och europaparlamentarikern Lars Adaktusson.<\/p>\n<p><img loading=\"lazy\" decoding=\"async\" src=\"http:\/\/ydrebo.se\/kd\/veckobrev2016\/annons.JPG\" width=\"600\" height=\"221\" \/><br \/>\n<img loading=\"lazy\" decoding=\"async\" src=\"http:\/\/ydrebo.se\/kd\/veckobrev2016\/talare.JPG\" width=\"379\" height=\"403\" \/><\/p>\n<p><i>Bengt Malm, ordf.<br \/>\n7 april 2016<\/i><\/p>\n","protected":false},"excerpt":{"rendered":"<p>De s.k. panamadokumenten har v\u00e4ckt stort uppseende. Bl.a. har Islands statsminister och Ukrainas president visat sig ha placerat pengar i skatteparadis. F\u00f6ljden \u00e4r att Islands statsminister har f\u00e5tt avg\u00e5 Och Ukraina kanske g\u00e5r miste om ett f\u00f6rdelaktigt avtal med EU. Visserligen h\u00e4nder detta l\u00e5ngt fr\u00e5n Ydre. Men det som sker i omv\u00e4rlden p\u00e5verkar ocks\u00e5 oss. <a class=\"read-more-link\" href=\"https:\/\/wp.kristdemokraterna.se\/ydre\/2016-04-07-ydre-ar-inget-skatteparadis\/\">L\u00e4s mer<\/a><\/p>\n","protected":false},"author":793,"featured_media":0,"parent":0,"menu_order":0,"comment_status":"closed","ping_status":"closed","template":"","meta":{"_acf_changed":false,"footnotes":""},"class_list":["post-963","page","type-page","status-publish","hentry"],"acf":[],"yoast_head":"<!-- This site is optimized with the Yoast SEO plugin v27.5 - https:\/\/yoast.com\/product\/yoast-seo-wordpress\/ -->\n<title>2016-04-07 Ydre \u00e4r inget skatteparadis - Kristdemokraterna i Ydre<\/title>\n<meta name=\"robots\" content=\"index, follow, max-snippet:-1, max-image-preview:large, max-video-preview:-1\" \/>\n<link rel=\"canonical\" href=\"https:\/\/wp.kristdemokraterna.se\/ydre\/2016-04-07-ydre-ar-inget-skatteparadis\/\" \/>\n<meta property=\"og:locale\" content=\"sv_SE\" \/>\n<meta property=\"og:type\" content=\"article\" \/>\n<meta property=\"og:title\" content=\"2016-04-07 Ydre \u00e4r inget skatteparadis - Kristdemokraterna i Ydre\" \/>\n<meta property=\"og:description\" content=\"De s.k. panamadokumenten har v\u00e4ckt stort uppseende. Bl.a. har Islands statsminister och Ukrainas president visat sig ha placerat pengar i skatteparadis. F\u00f6ljden \u00e4r att Islands statsminister har f\u00e5tt avg\u00e5 Och Ukraina kanske g\u00e5r miste om ett f\u00f6rdelaktigt avtal med EU. Visserligen h\u00e4nder detta l\u00e5ngt fr\u00e5n Ydre. Men det som sker i omv\u00e4rlden p\u00e5verkar ocks\u00e5 oss. L\u00e4s mer\" \/>\n<meta property=\"og:url\" content=\"https:\/\/wp.kristdemokraterna.se\/ydre\/2016-04-07-ydre-ar-inget-skatteparadis\/\" \/>\n<meta property=\"og:site_name\" content=\"Kristdemokraterna i Ydre\" \/>\n<meta property=\"article:modified_time\" content=\"2018-07-20T14:09:52+00:00\" \/>\n<meta property=\"og:image\" content=\"http:\/\/ydrebo.se\/kd\/veckobrev2016\/Sund.jpg\" \/>\n<meta name=\"twitter:card\" content=\"summary_large_image\" \/>\n<meta name=\"twitter:label1\" content=\"Ber\u00e4knad l\u00e4stid\" \/>\n\t<meta name=\"twitter:data1\" content=\"1 minut\" \/>\n<script type=\"application\/ld+json\" class=\"yoast-schema-graph\">{\"@context\":\"https:\\\/\\\/schema.org\",\"@graph\":[{\"@type\":\"WebPage\",\"@id\":\"https:\\\/\\\/wp.kristdemokraterna.se\\\/ydre\\\/2016-04-07-ydre-ar-inget-skatteparadis\\\/\",\"url\":\"https:\\\/\\\/wp.kristdemokraterna.se\\\/ydre\\\/2016-04-07-ydre-ar-inget-skatteparadis\\\/\",\"name\":\"2016-04-07 Ydre \u00e4r inget skatteparadis - Kristdemokraterna i Ydre\",\"isPartOf\":{\"@id\":\"https:\\\/\\\/wp.kristdemokraterna.se\\\/ydre\\\/#website\"},\"primaryImageOfPage\":{\"@id\":\"https:\\\/\\\/wp.kristdemokraterna.se\\\/ydre\\\/2016-04-07-ydre-ar-inget-skatteparadis\\\/#primaryimage\"},\"image\":{\"@id\":\"https:\\\/\\\/wp.kristdemokraterna.se\\\/ydre\\\/2016-04-07-ydre-ar-inget-skatteparadis\\\/#primaryimage\"},\"thumbnailUrl\":\"http:\\\/\\\/ydrebo.se\\\/kd\\\/veckobrev2016\\\/Sund.jpg\",\"datePublished\":\"2018-07-20T14:07:43+00:00\",\"dateModified\":\"2018-07-20T14:09:52+00:00\",\"breadcrumb\":{\"@id\":\"https:\\\/\\\/wp.kristdemokraterna.se\\\/ydre\\\/2016-04-07-ydre-ar-inget-skatteparadis\\\/#breadcrumb\"},\"inLanguage\":\"sv-SE\",\"potentialAction\":[{\"@type\":\"ReadAction\",\"target\":[\"https:\\\/\\\/wp.kristdemokraterna.se\\\/ydre\\\/2016-04-07-ydre-ar-inget-skatteparadis\\\/\"]}]},{\"@type\":\"ImageObject\",\"inLanguage\":\"sv-SE\",\"@id\":\"https:\\\/\\\/wp.kristdemokraterna.se\\\/ydre\\\/2016-04-07-ydre-ar-inget-skatteparadis\\\/#primaryimage\",\"url\":\"http:\\\/\\\/ydrebo.se\\\/kd\\\/veckobrev2016\\\/Sund.jpg\",\"contentUrl\":\"http:\\\/\\\/ydrebo.se\\\/kd\\\/veckobrev2016\\\/Sund.jpg\"},{\"@type\":\"BreadcrumbList\",\"@id\":\"https:\\\/\\\/wp.kristdemokraterna.se\\\/ydre\\\/2016-04-07-ydre-ar-inget-skatteparadis\\\/#breadcrumb\",\"itemListElement\":[{\"@type\":\"ListItem\",\"position\":1,\"name\":\"Hem\",\"item\":\"https:\\\/\\\/wp.kristdemokraterna.se\\\/ydre\\\/\"},{\"@type\":\"ListItem\",\"position\":2,\"name\":\"2016-04-07 Ydre \u00e4r inget skatteparadis\"}]},{\"@type\":\"WebSite\",\"@id\":\"https:\\\/\\\/wp.kristdemokraterna.se\\\/ydre\\\/#website\",\"url\":\"https:\\\/\\\/wp.kristdemokraterna.se\\\/ydre\\\/\",\"name\":\"Kristdemokraterna i Ydre\",\"description\":\"En till Kristdemokraterna webbplats\",\"inLanguage\":\"sv-SE\"}]}<\/script>\n<!-- \/ Yoast SEO plugin. -->","yoast_head_json":{"title":"2016-04-07 Ydre \u00e4r inget skatteparadis - Kristdemokraterna i Ydre","robots":{"index":"index","follow":"follow","max-snippet":"max-snippet:-1","max-image-preview":"max-image-preview:large","max-video-preview":"max-video-preview:-1"},"canonical":"https:\/\/wp.kristdemokraterna.se\/ydre\/2016-04-07-ydre-ar-inget-skatteparadis\/","og_locale":"sv_SE","og_type":"article","og_title":"2016-04-07 Ydre \u00e4r inget skatteparadis - Kristdemokraterna i Ydre","og_description":"De s.k. panamadokumenten har v\u00e4ckt stort uppseende. Bl.a. har Islands statsminister och Ukrainas president visat sig ha placerat pengar i skatteparadis. F\u00f6ljden \u00e4r att Islands statsminister har f\u00e5tt avg\u00e5 Och Ukraina kanske g\u00e5r miste om ett f\u00f6rdelaktigt avtal med EU. Visserligen h\u00e4nder detta l\u00e5ngt fr\u00e5n Ydre. Men det som sker i omv\u00e4rlden p\u00e5verkar ocks\u00e5 oss. L\u00e4s mer","og_url":"https:\/\/wp.kristdemokraterna.se\/ydre\/2016-04-07-ydre-ar-inget-skatteparadis\/","og_site_name":"Kristdemokraterna i Ydre","article_modified_time":"2018-07-20T14:09:52+00:00","og_image":[{"url":"http:\/\/ydrebo.se\/kd\/veckobrev2016\/Sund.jpg","type":"","width":"","height":""}],"twitter_card":"summary_large_image","twitter_misc":{"Ber\u00e4knad l\u00e4stid":"1 minut"},"schema":{"@context":"https:\/\/schema.org","@graph":[{"@type":"WebPage","@id":"https:\/\/wp.kristdemokraterna.se\/ydre\/2016-04-07-ydre-ar-inget-skatteparadis\/","url":"https:\/\/wp.kristdemokraterna.se\/ydre\/2016-04-07-ydre-ar-inget-skatteparadis\/","name":"2016-04-07 Ydre \u00e4r inget skatteparadis - Kristdemokraterna i Ydre","isPartOf":{"@id":"https:\/\/wp.kristdemokraterna.se\/ydre\/#website"},"primaryImageOfPage":{"@id":"https:\/\/wp.kristdemokraterna.se\/ydre\/2016-04-07-ydre-ar-inget-skatteparadis\/#primaryimage"},"image":{"@id":"https:\/\/wp.kristdemokraterna.se\/ydre\/2016-04-07-ydre-ar-inget-skatteparadis\/#primaryimage"},"thumbnailUrl":"http:\/\/ydrebo.se\/kd\/veckobrev2016\/Sund.jpg","datePublished":"2018-07-20T14:07:43+00:00","dateModified":"2018-07-20T14:09:52+00:00","breadcrumb":{"@id":"https:\/\/wp.kristdemokraterna.se\/ydre\/2016-04-07-ydre-ar-inget-skatteparadis\/#breadcrumb"},"inLanguage":"sv-SE","potentialAction":[{"@type":"ReadAction","target":["https:\/\/wp.kristdemokraterna.se\/ydre\/2016-04-07-ydre-ar-inget-skatteparadis\/"]}]},{"@type":"ImageObject","inLanguage":"sv-SE","@id":"https:\/\/wp.kristdemokraterna.se\/ydre\/2016-04-07-ydre-ar-inget-skatteparadis\/#primaryimage","url":"http:\/\/ydrebo.se\/kd\/veckobrev2016\/Sund.jpg","contentUrl":"http:\/\/ydrebo.se\/kd\/veckobrev2016\/Sund.jpg"},{"@type":"BreadcrumbList","@id":"https:\/\/wp.kristdemokraterna.se\/ydre\/2016-04-07-ydre-ar-inget-skatteparadis\/#breadcrumb","itemListElement":[{"@type":"ListItem","position":1,"name":"Hem","item":"https:\/\/wp.kristdemokraterna.se\/ydre\/"},{"@type":"ListItem","position":2,"name":"2016-04-07 Ydre \u00e4r inget skatteparadis"}]},{"@type":"WebSite","@id":"https:\/\/wp.kristdemokraterna.se\/ydre\/#website","url":"https:\/\/wp.kristdemokraterna.se\/ydre\/","name":"Kristdemokraterna i Ydre","description":"En till Kristdemokraterna webbplats","inLanguage":"sv-SE"}]}},"_links":{"self":[{"href":"https:\/\/wp.kristdemokraterna.se\/ydre\/wp-json\/wp\/v2\/pages\/963","targetHints":{"allow":["GET"]}}],"collection":[{"href":"https:\/\/wp.kristdemokraterna.se\/ydre\/wp-json\/wp\/v2\/pages"}],"about":[{"href":"https:\/\/wp.kristdemokraterna.se\/ydre\/wp-json\/wp\/v2\/types\/page"}],"author":[{"embeddable":true,"href":"https:\/\/wp.kristdemokraterna.se\/ydre\/wp-json\/wp\/v2\/users\/793"}],"replies":[{"embeddable":true,"href":"https:\/\/wp.kristdemokraterna.se\/ydre\/wp-json\/wp\/v2\/comments?post=963"}],"version-history":[{"count":4,"href":"https:\/\/wp.kristdemokraterna.se\/ydre\/wp-json\/wp\/v2\/pages\/963\/revisions"}],"predecessor-version":[{"id":967,"href":"https:\/\/wp.kristdemokraterna.se\/ydre\/wp-json\/wp\/v2\/pages\/963\/revisions\/967"}],"wp:attachment":[{"href":"https:\/\/wp.kristdemokraterna.se\/ydre\/wp-json\/wp\/v2\/media?parent=963"}],"curies":[{"name":"wp","href":"https:\/\/api.w.org\/{rel}","templated":true}]}}