{"id":969,"date":"2018-07-20T16:11:44","date_gmt":"2018-07-20T14:11:44","guid":{"rendered":"http:\/\/wp.kristdemokraterna.se\/ydre\/?page_id=969"},"modified":"2018-07-20T16:12:48","modified_gmt":"2018-07-20T14:12:48","slug":"2016-04-16-ar-samhallet-bra-for-handikappade","status":"publish","type":"page","link":"https:\/\/wp.kristdemokraterna.se\/ydre\/2016-04-16-ar-samhallet-bra-for-handikappade\/","title":{"rendered":"2016-04-16 \u00c4r samh\u00e4llet bra f\u00f6r handikappade?"},"content":{"rendered":"<p>Det \u00e4r ju meningen att det skall vara s\u00e5. Allt fler lagar och regler har antagits f\u00f6r det \u00e4ndam\u00e5let. \u00c4nd\u00e5 finns det problem.<br \/>\nH\u00e4romdagen var jag som politiker inbjuden att vara observat\u00f6r n\u00e4r det bildades en strokef\u00f6rening i Ydre. Den skall vara till f\u00f6r s\u00e5dana som drabbats av stroke och f\u00f6r anh\u00f6riga till dem.<\/p>\n<p><img loading=\"lazy\" decoding=\"async\" src=\"http:\/\/ydrebo.se\/kd\/veckobrev2016\/raas.JPG\" width=\"600\" height=\"450\" \/><br \/>\n<i>N\u00e4ra R\u00e5\u00e5s kvarn.<\/p>\n<p><\/i>Strokef\u00f6reningen skall inte bara vara en social gemenskap. Den skall ocks\u00e5 f\u00f6rs\u00f6ka p\u00e5verka politikerna i Ydre. De som drabbats beh\u00f6ver fortl\u00f6pande kontakt med sjukv\u00e5rden, b\u00e5de med l\u00e4kare och sjukgymnaster. Det \u00e4r ett stort bekymmer att det hela tiden kommer nya l\u00e4kare till v\u00e5r v\u00e5rdcentral (det \u00e4r inte mycket kommunen kan g\u00f6ra utom att ideligen klaga hos Region \u00d6sterg\u00f6tland).<br \/>\nF\u00f6r dem som beh\u00f6ver rehabilitering \u00e4r det gym som finns i \u00d6sterbymo tydligen utm\u00e4rkt. Dvs det skulle vara utm\u00e4rkt om det ginge att komma dit. Det \u00e4r inte s\u00e5 enkelt eftersom det ligger en trappa upp i en gammal industribyggnad utan hiss.<br \/>\nN\u00e5got som nog ocks\u00e5 g\u00e4ller andra l\u00e5ngtidssjuka \u00e4r att de beh\u00f6ver anh\u00f6riga som \u00e4r\u00a0<i>mycket<\/i>\u00a0stridbara. Dels beh\u00f6vs det n\u00e5gon som uppmuntar de nedst\u00e4mda s\u00e5 att de blir aktiva och kan ta del av rehabilitering. Dels m\u00e5ste n\u00e5gon ofta ta strid med en eller flera instanser i samh\u00e4llet. Detta l\u00e5ter som en utmaning f\u00f6r Kristdemokraterna.<\/p>\n<p><img loading=\"lazy\" decoding=\"async\" src=\"http:\/\/ydrebo.se\/kd\/veckobrev2016\/narcisser.JPG\" width=\"600\" height=\"462\" \/><\/p>\n<p>Kom f.\u00f6. ih\u00e5g\u00a0manifestationen f\u00f6r familjen p\u00e5 f\u00f6rsta maj\u00a0i Link\u00f6ping!<\/p>\n<p><img loading=\"lazy\" decoding=\"async\" src=\"http:\/\/ydrebo.se\/kd\/veckobrev2016\/annons.JPG\" width=\"600\" height=\"221\" \/><\/p>\n<p><img loading=\"lazy\" decoding=\"async\" src=\"http:\/\/ydrebo.se\/kd\/veckobrev2016\/talare.JPG\" width=\"379\" height=\"403\" \/><\/p>\n<p><i>Bengt Malm, ordf.<br \/>\n16 april 2016<\/i><\/p>\n","protected":false},"excerpt":{"rendered":"<p>Det \u00e4r ju meningen att det skall vara s\u00e5. Allt fler lagar och regler har antagits f\u00f6r det \u00e4ndam\u00e5let. \u00c4nd\u00e5 finns det problem. H\u00e4romdagen var jag som politiker inbjuden att vara observat\u00f6r n\u00e4r det bildades en strokef\u00f6rening i Ydre. Den skall vara till f\u00f6r s\u00e5dana som drabbats av stroke och f\u00f6r anh\u00f6riga till dem. N\u00e4ra <a class=\"read-more-link\" href=\"https:\/\/wp.kristdemokraterna.se\/ydre\/2016-04-16-ar-samhallet-bra-for-handikappade\/\">L\u00e4s mer<\/a><\/p>\n","protected":false},"author":793,"featured_media":0,"parent":0,"menu_order":0,"comment_status":"closed","ping_status":"closed","template":"","meta":{"_acf_changed":false,"footnotes":""},"class_list":["post-969","page","type-page","status-publish","hentry"],"acf":[],"yoast_head":"<!-- This site is optimized with the Yoast SEO plugin v27.5 - https:\/\/yoast.com\/product\/yoast-seo-wordpress\/ -->\n<title>2016-04-16 \u00c4r samh\u00e4llet bra f\u00f6r handikappade? - Kristdemokraterna i Ydre<\/title>\n<meta name=\"robots\" content=\"index, follow, max-snippet:-1, max-image-preview:large, max-video-preview:-1\" \/>\n<link rel=\"canonical\" href=\"https:\/\/wp.kristdemokraterna.se\/ydre\/2016-04-16-ar-samhallet-bra-for-handikappade\/\" \/>\n<meta property=\"og:locale\" content=\"sv_SE\" \/>\n<meta property=\"og:type\" content=\"article\" \/>\n<meta property=\"og:title\" content=\"2016-04-16 \u00c4r samh\u00e4llet bra f\u00f6r handikappade? - Kristdemokraterna i Ydre\" \/>\n<meta property=\"og:description\" content=\"Det \u00e4r ju meningen att det skall vara s\u00e5. Allt fler lagar och regler har antagits f\u00f6r det \u00e4ndam\u00e5let. \u00c4nd\u00e5 finns det problem. H\u00e4romdagen var jag som politiker inbjuden att vara observat\u00f6r n\u00e4r det bildades en strokef\u00f6rening i Ydre. Den skall vara till f\u00f6r s\u00e5dana som drabbats av stroke och f\u00f6r anh\u00f6riga till dem. N\u00e4ra L\u00e4s mer\" \/>\n<meta property=\"og:url\" content=\"https:\/\/wp.kristdemokraterna.se\/ydre\/2016-04-16-ar-samhallet-bra-for-handikappade\/\" \/>\n<meta property=\"og:site_name\" content=\"Kristdemokraterna i Ydre\" \/>\n<meta property=\"article:modified_time\" content=\"2018-07-20T14:12:48+00:00\" \/>\n<meta property=\"og:image\" content=\"http:\/\/ydrebo.se\/kd\/veckobrev2016\/raas.JPG\" \/>\n<meta name=\"twitter:card\" content=\"summary_large_image\" \/>\n<meta name=\"twitter:label1\" content=\"Ber\u00e4knad l\u00e4stid\" \/>\n\t<meta name=\"twitter:data1\" content=\"1 minut\" \/>\n<script type=\"application\/ld+json\" class=\"yoast-schema-graph\">{\"@context\":\"https:\\\/\\\/schema.org\",\"@graph\":[{\"@type\":\"WebPage\",\"@id\":\"https:\\\/\\\/wp.kristdemokraterna.se\\\/ydre\\\/2016-04-16-ar-samhallet-bra-for-handikappade\\\/\",\"url\":\"https:\\\/\\\/wp.kristdemokraterna.se\\\/ydre\\\/2016-04-16-ar-samhallet-bra-for-handikappade\\\/\",\"name\":\"2016-04-16 \u00c4r samh\u00e4llet bra f\u00f6r handikappade? - Kristdemokraterna i Ydre\",\"isPartOf\":{\"@id\":\"https:\\\/\\\/wp.kristdemokraterna.se\\\/ydre\\\/#website\"},\"primaryImageOfPage\":{\"@id\":\"https:\\\/\\\/wp.kristdemokraterna.se\\\/ydre\\\/2016-04-16-ar-samhallet-bra-for-handikappade\\\/#primaryimage\"},\"image\":{\"@id\":\"https:\\\/\\\/wp.kristdemokraterna.se\\\/ydre\\\/2016-04-16-ar-samhallet-bra-for-handikappade\\\/#primaryimage\"},\"thumbnailUrl\":\"http:\\\/\\\/ydrebo.se\\\/kd\\\/veckobrev2016\\\/raas.JPG\",\"datePublished\":\"2018-07-20T14:11:44+00:00\",\"dateModified\":\"2018-07-20T14:12:48+00:00\",\"breadcrumb\":{\"@id\":\"https:\\\/\\\/wp.kristdemokraterna.se\\\/ydre\\\/2016-04-16-ar-samhallet-bra-for-handikappade\\\/#breadcrumb\"},\"inLanguage\":\"sv-SE\",\"potentialAction\":[{\"@type\":\"ReadAction\",\"target\":[\"https:\\\/\\\/wp.kristdemokraterna.se\\\/ydre\\\/2016-04-16-ar-samhallet-bra-for-handikappade\\\/\"]}]},{\"@type\":\"ImageObject\",\"inLanguage\":\"sv-SE\",\"@id\":\"https:\\\/\\\/wp.kristdemokraterna.se\\\/ydre\\\/2016-04-16-ar-samhallet-bra-for-handikappade\\\/#primaryimage\",\"url\":\"http:\\\/\\\/ydrebo.se\\\/kd\\\/veckobrev2016\\\/raas.JPG\",\"contentUrl\":\"http:\\\/\\\/ydrebo.se\\\/kd\\\/veckobrev2016\\\/raas.JPG\"},{\"@type\":\"BreadcrumbList\",\"@id\":\"https:\\\/\\\/wp.kristdemokraterna.se\\\/ydre\\\/2016-04-16-ar-samhallet-bra-for-handikappade\\\/#breadcrumb\",\"itemListElement\":[{\"@type\":\"ListItem\",\"position\":1,\"name\":\"Hem\",\"item\":\"https:\\\/\\\/wp.kristdemokraterna.se\\\/ydre\\\/\"},{\"@type\":\"ListItem\",\"position\":2,\"name\":\"2016-04-16 \u00c4r samh\u00e4llet bra f\u00f6r handikappade?\"}]},{\"@type\":\"WebSite\",\"@id\":\"https:\\\/\\\/wp.kristdemokraterna.se\\\/ydre\\\/#website\",\"url\":\"https:\\\/\\\/wp.kristdemokraterna.se\\\/ydre\\\/\",\"name\":\"Kristdemokraterna i Ydre\",\"description\":\"En till Kristdemokraterna webbplats\",\"inLanguage\":\"sv-SE\"}]}<\/script>\n<!-- \/ Yoast SEO plugin. -->","yoast_head_json":{"title":"2016-04-16 \u00c4r samh\u00e4llet bra f\u00f6r handikappade? - Kristdemokraterna i Ydre","robots":{"index":"index","follow":"follow","max-snippet":"max-snippet:-1","max-image-preview":"max-image-preview:large","max-video-preview":"max-video-preview:-1"},"canonical":"https:\/\/wp.kristdemokraterna.se\/ydre\/2016-04-16-ar-samhallet-bra-for-handikappade\/","og_locale":"sv_SE","og_type":"article","og_title":"2016-04-16 \u00c4r samh\u00e4llet bra f\u00f6r handikappade? - Kristdemokraterna i Ydre","og_description":"Det \u00e4r ju meningen att det skall vara s\u00e5. Allt fler lagar och regler har antagits f\u00f6r det \u00e4ndam\u00e5let. \u00c4nd\u00e5 finns det problem. H\u00e4romdagen var jag som politiker inbjuden att vara observat\u00f6r n\u00e4r det bildades en strokef\u00f6rening i Ydre. Den skall vara till f\u00f6r s\u00e5dana som drabbats av stroke och f\u00f6r anh\u00f6riga till dem. N\u00e4ra L\u00e4s mer","og_url":"https:\/\/wp.kristdemokraterna.se\/ydre\/2016-04-16-ar-samhallet-bra-for-handikappade\/","og_site_name":"Kristdemokraterna i Ydre","article_modified_time":"2018-07-20T14:12:48+00:00","og_image":[{"url":"http:\/\/ydrebo.se\/kd\/veckobrev2016\/raas.JPG","type":"","width":"","height":""}],"twitter_card":"summary_large_image","twitter_misc":{"Ber\u00e4knad l\u00e4stid":"1 minut"},"schema":{"@context":"https:\/\/schema.org","@graph":[{"@type":"WebPage","@id":"https:\/\/wp.kristdemokraterna.se\/ydre\/2016-04-16-ar-samhallet-bra-for-handikappade\/","url":"https:\/\/wp.kristdemokraterna.se\/ydre\/2016-04-16-ar-samhallet-bra-for-handikappade\/","name":"2016-04-16 \u00c4r samh\u00e4llet bra f\u00f6r handikappade? - Kristdemokraterna i Ydre","isPartOf":{"@id":"https:\/\/wp.kristdemokraterna.se\/ydre\/#website"},"primaryImageOfPage":{"@id":"https:\/\/wp.kristdemokraterna.se\/ydre\/2016-04-16-ar-samhallet-bra-for-handikappade\/#primaryimage"},"image":{"@id":"https:\/\/wp.kristdemokraterna.se\/ydre\/2016-04-16-ar-samhallet-bra-for-handikappade\/#primaryimage"},"thumbnailUrl":"http:\/\/ydrebo.se\/kd\/veckobrev2016\/raas.JPG","datePublished":"2018-07-20T14:11:44+00:00","dateModified":"2018-07-20T14:12:48+00:00","breadcrumb":{"@id":"https:\/\/wp.kristdemokraterna.se\/ydre\/2016-04-16-ar-samhallet-bra-for-handikappade\/#breadcrumb"},"inLanguage":"sv-SE","potentialAction":[{"@type":"ReadAction","target":["https:\/\/wp.kristdemokraterna.se\/ydre\/2016-04-16-ar-samhallet-bra-for-handikappade\/"]}]},{"@type":"ImageObject","inLanguage":"sv-SE","@id":"https:\/\/wp.kristdemokraterna.se\/ydre\/2016-04-16-ar-samhallet-bra-for-handikappade\/#primaryimage","url":"http:\/\/ydrebo.se\/kd\/veckobrev2016\/raas.JPG","contentUrl":"http:\/\/ydrebo.se\/kd\/veckobrev2016\/raas.JPG"},{"@type":"BreadcrumbList","@id":"https:\/\/wp.kristdemokraterna.se\/ydre\/2016-04-16-ar-samhallet-bra-for-handikappade\/#breadcrumb","itemListElement":[{"@type":"ListItem","position":1,"name":"Hem","item":"https:\/\/wp.kristdemokraterna.se\/ydre\/"},{"@type":"ListItem","position":2,"name":"2016-04-16 \u00c4r samh\u00e4llet bra f\u00f6r handikappade?"}]},{"@type":"WebSite","@id":"https:\/\/wp.kristdemokraterna.se\/ydre\/#website","url":"https:\/\/wp.kristdemokraterna.se\/ydre\/","name":"Kristdemokraterna i Ydre","description":"En till Kristdemokraterna webbplats","inLanguage":"sv-SE"}]}},"_links":{"self":[{"href":"https:\/\/wp.kristdemokraterna.se\/ydre\/wp-json\/wp\/v2\/pages\/969","targetHints":{"allow":["GET"]}}],"collection":[{"href":"https:\/\/wp.kristdemokraterna.se\/ydre\/wp-json\/wp\/v2\/pages"}],"about":[{"href":"https:\/\/wp.kristdemokraterna.se\/ydre\/wp-json\/wp\/v2\/types\/page"}],"author":[{"embeddable":true,"href":"https:\/\/wp.kristdemokraterna.se\/ydre\/wp-json\/wp\/v2\/users\/793"}],"replies":[{"embeddable":true,"href":"https:\/\/wp.kristdemokraterna.se\/ydre\/wp-json\/wp\/v2\/comments?post=969"}],"version-history":[{"count":3,"href":"https:\/\/wp.kristdemokraterna.se\/ydre\/wp-json\/wp\/v2\/pages\/969\/revisions"}],"predecessor-version":[{"id":972,"href":"https:\/\/wp.kristdemokraterna.se\/ydre\/wp-json\/wp\/v2\/pages\/969\/revisions\/972"}],"wp:attachment":[{"href":"https:\/\/wp.kristdemokraterna.se\/ydre\/wp-json\/wp\/v2\/media?parent=969"}],"curies":[{"name":"wp","href":"https:\/\/api.w.org\/{rel}","templated":true}]}}