{"id":974,"date":"2018-07-20T16:14:52","date_gmt":"2018-07-20T14:14:52","guid":{"rendered":"http:\/\/wp.kristdemokraterna.se\/ydre\/?page_id=974"},"modified":"2018-07-20T16:15:46","modified_gmt":"2018-07-20T14:15:46","slug":"2016-04-19-terror-och-krig-ar-inte-olyckshandelser","status":"publish","type":"page","link":"https:\/\/wp.kristdemokraterna.se\/ydre\/2016-04-19-terror-och-krig-ar-inte-olyckshandelser\/","title":{"rendered":"2016-04-19 Terror och krig \u00e4r inte olycksh\u00e4ndelser"},"content":{"rendered":"<p>Visst h\u00f6r terror och krig till de v\u00e4rsta olyckor m\u00e4nniskor kan drabbas av. Men det \u00e4r inte r\u00e4tt att (som det gjorts) beteckna dem som olycksh\u00e4ndelser (en minister talade om 11 septemberolyckorna),<br \/>\nDet som p\u00e5g\u00e5r just nu \u00e4r inget storkrig men det \u00e4r mycket allvarligt \u00e4nd\u00e5. Millioner m\u00e4nniskor \u00e4r p\u00e5 flykt. N\u00e5gra av dem kan f\u00e5 en fristad hos oss.<\/p>\n<p><img loading=\"lazy\" decoding=\"async\" src=\"http:\/\/ydrebo.se\/kd\/veckobrev2016\/grabe.JPG\" width=\"600\" height=\"450\" \/><br \/>\n<i>Ydreskolans l\u00e5gstadium<\/p>\n<p><\/i>Barn skall inte beh\u00f6va v\u00e4xa upp i en milj\u00f6 d\u00e4r v\u00e5ldet regerar och uppfatta det som normalt. T.o.m. i Europa finns det krig, n\u00e4mligen\u00a0<a href=\"http:\/\/w.cdn-expressen.se\/images\/3f\/03\/3f0350e181534d6e8efa5da36625c1bd\/16x9\/original.jpg\" target=\"_&quot;blank&quot;\"><b>i Ukraina.<\/b><\/a><br \/>\nVi beh\u00f6ver ge barnen h\u00e4r en trygg milj\u00f6.<\/p>\n<p><img loading=\"lazy\" decoding=\"async\" src=\"http:\/\/ydrebo.se\/kd\/veckobrev2016\/narcisser.JPG\" width=\"600\" height=\"462\" \/><\/p>\n<p>Snart kommer\u00a0manifestationen f\u00f6r familjen p\u00e5 f\u00f6rsta maj\u00a0i Link\u00f6ping!<\/p>\n<p><img loading=\"lazy\" decoding=\"async\" src=\"http:\/\/ydrebo.se\/kd\/veckobrev2016\/annons.JPG\" width=\"600\" height=\"221\" \/><\/p>\n<p><img loading=\"lazy\" decoding=\"async\" src=\"http:\/\/ydrebo.se\/kd\/veckobrev2016\/talare.JPG\" width=\"379\" height=\"403\" \/><\/p>\n<p><i>Bengt Malm, ordf.<br \/>\n19 april 2016<\/i><\/p>\n","protected":false},"excerpt":{"rendered":"<p>Visst h\u00f6r terror och krig till de v\u00e4rsta olyckor m\u00e4nniskor kan drabbas av. Men det \u00e4r inte r\u00e4tt att (som det gjorts) beteckna dem som olycksh\u00e4ndelser (en minister talade om 11 septemberolyckorna), Det som p\u00e5g\u00e5r just nu \u00e4r inget storkrig men det \u00e4r mycket allvarligt \u00e4nd\u00e5. Millioner m\u00e4nniskor \u00e4r p\u00e5 flykt. N\u00e5gra av dem kan <a class=\"read-more-link\" href=\"https:\/\/wp.kristdemokraterna.se\/ydre\/2016-04-19-terror-och-krig-ar-inte-olyckshandelser\/\">L\u00e4s mer<\/a><\/p>\n","protected":false},"author":793,"featured_media":0,"parent":0,"menu_order":0,"comment_status":"closed","ping_status":"closed","template":"","meta":{"_acf_changed":false,"footnotes":""},"class_list":["post-974","page","type-page","status-publish","hentry"],"acf":[],"yoast_head":"<!-- This site is optimized with the Yoast SEO plugin v27.5 - https:\/\/yoast.com\/product\/yoast-seo-wordpress\/ -->\n<title>2016-04-19 Terror och krig \u00e4r inte olycksh\u00e4ndelser - Kristdemokraterna i Ydre<\/title>\n<meta name=\"robots\" content=\"index, follow, max-snippet:-1, max-image-preview:large, max-video-preview:-1\" \/>\n<link rel=\"canonical\" href=\"https:\/\/wp.kristdemokraterna.se\/ydre\/2016-04-19-terror-och-krig-ar-inte-olyckshandelser\/\" \/>\n<meta property=\"og:locale\" content=\"sv_SE\" \/>\n<meta property=\"og:type\" content=\"article\" \/>\n<meta property=\"og:title\" content=\"2016-04-19 Terror och krig \u00e4r inte olycksh\u00e4ndelser - Kristdemokraterna i Ydre\" \/>\n<meta property=\"og:description\" content=\"Visst h\u00f6r terror och krig till de v\u00e4rsta olyckor m\u00e4nniskor kan drabbas av. Men det \u00e4r inte r\u00e4tt att (som det gjorts) beteckna dem som olycksh\u00e4ndelser (en minister talade om 11 septemberolyckorna), Det som p\u00e5g\u00e5r just nu \u00e4r inget storkrig men det \u00e4r mycket allvarligt \u00e4nd\u00e5. Millioner m\u00e4nniskor \u00e4r p\u00e5 flykt. N\u00e5gra av dem kan L\u00e4s mer\" \/>\n<meta property=\"og:url\" content=\"https:\/\/wp.kristdemokraterna.se\/ydre\/2016-04-19-terror-och-krig-ar-inte-olyckshandelser\/\" \/>\n<meta property=\"og:site_name\" content=\"Kristdemokraterna i Ydre\" \/>\n<meta property=\"article:modified_time\" content=\"2018-07-20T14:15:46+00:00\" \/>\n<meta property=\"og:image\" content=\"http:\/\/ydrebo.se\/kd\/veckobrev2016\/grabe.JPG\" \/>\n<meta name=\"twitter:card\" content=\"summary_large_image\" \/>\n<meta name=\"twitter:label1\" content=\"Ber\u00e4knad l\u00e4stid\" \/>\n\t<meta name=\"twitter:data1\" content=\"1 minut\" \/>\n<script type=\"application\/ld+json\" class=\"yoast-schema-graph\">{\"@context\":\"https:\\\/\\\/schema.org\",\"@graph\":[{\"@type\":\"WebPage\",\"@id\":\"https:\\\/\\\/wp.kristdemokraterna.se\\\/ydre\\\/2016-04-19-terror-och-krig-ar-inte-olyckshandelser\\\/\",\"url\":\"https:\\\/\\\/wp.kristdemokraterna.se\\\/ydre\\\/2016-04-19-terror-och-krig-ar-inte-olyckshandelser\\\/\",\"name\":\"2016-04-19 Terror och krig \u00e4r inte olycksh\u00e4ndelser - Kristdemokraterna i Ydre\",\"isPartOf\":{\"@id\":\"https:\\\/\\\/wp.kristdemokraterna.se\\\/ydre\\\/#website\"},\"primaryImageOfPage\":{\"@id\":\"https:\\\/\\\/wp.kristdemokraterna.se\\\/ydre\\\/2016-04-19-terror-och-krig-ar-inte-olyckshandelser\\\/#primaryimage\"},\"image\":{\"@id\":\"https:\\\/\\\/wp.kristdemokraterna.se\\\/ydre\\\/2016-04-19-terror-och-krig-ar-inte-olyckshandelser\\\/#primaryimage\"},\"thumbnailUrl\":\"http:\\\/\\\/ydrebo.se\\\/kd\\\/veckobrev2016\\\/grabe.JPG\",\"datePublished\":\"2018-07-20T14:14:52+00:00\",\"dateModified\":\"2018-07-20T14:15:46+00:00\",\"breadcrumb\":{\"@id\":\"https:\\\/\\\/wp.kristdemokraterna.se\\\/ydre\\\/2016-04-19-terror-och-krig-ar-inte-olyckshandelser\\\/#breadcrumb\"},\"inLanguage\":\"sv-SE\",\"potentialAction\":[{\"@type\":\"ReadAction\",\"target\":[\"https:\\\/\\\/wp.kristdemokraterna.se\\\/ydre\\\/2016-04-19-terror-och-krig-ar-inte-olyckshandelser\\\/\"]}]},{\"@type\":\"ImageObject\",\"inLanguage\":\"sv-SE\",\"@id\":\"https:\\\/\\\/wp.kristdemokraterna.se\\\/ydre\\\/2016-04-19-terror-och-krig-ar-inte-olyckshandelser\\\/#primaryimage\",\"url\":\"http:\\\/\\\/ydrebo.se\\\/kd\\\/veckobrev2016\\\/grabe.JPG\",\"contentUrl\":\"http:\\\/\\\/ydrebo.se\\\/kd\\\/veckobrev2016\\\/grabe.JPG\"},{\"@type\":\"BreadcrumbList\",\"@id\":\"https:\\\/\\\/wp.kristdemokraterna.se\\\/ydre\\\/2016-04-19-terror-och-krig-ar-inte-olyckshandelser\\\/#breadcrumb\",\"itemListElement\":[{\"@type\":\"ListItem\",\"position\":1,\"name\":\"Hem\",\"item\":\"https:\\\/\\\/wp.kristdemokraterna.se\\\/ydre\\\/\"},{\"@type\":\"ListItem\",\"position\":2,\"name\":\"2016-04-19 Terror och krig \u00e4r inte olycksh\u00e4ndelser\"}]},{\"@type\":\"WebSite\",\"@id\":\"https:\\\/\\\/wp.kristdemokraterna.se\\\/ydre\\\/#website\",\"url\":\"https:\\\/\\\/wp.kristdemokraterna.se\\\/ydre\\\/\",\"name\":\"Kristdemokraterna i Ydre\",\"description\":\"En till Kristdemokraterna webbplats\",\"inLanguage\":\"sv-SE\"}]}<\/script>\n<!-- \/ Yoast SEO plugin. -->","yoast_head_json":{"title":"2016-04-19 Terror och krig \u00e4r inte olycksh\u00e4ndelser - Kristdemokraterna i Ydre","robots":{"index":"index","follow":"follow","max-snippet":"max-snippet:-1","max-image-preview":"max-image-preview:large","max-video-preview":"max-video-preview:-1"},"canonical":"https:\/\/wp.kristdemokraterna.se\/ydre\/2016-04-19-terror-och-krig-ar-inte-olyckshandelser\/","og_locale":"sv_SE","og_type":"article","og_title":"2016-04-19 Terror och krig \u00e4r inte olycksh\u00e4ndelser - Kristdemokraterna i Ydre","og_description":"Visst h\u00f6r terror och krig till de v\u00e4rsta olyckor m\u00e4nniskor kan drabbas av. Men det \u00e4r inte r\u00e4tt att (som det gjorts) beteckna dem som olycksh\u00e4ndelser (en minister talade om 11 septemberolyckorna), Det som p\u00e5g\u00e5r just nu \u00e4r inget storkrig men det \u00e4r mycket allvarligt \u00e4nd\u00e5. Millioner m\u00e4nniskor \u00e4r p\u00e5 flykt. N\u00e5gra av dem kan L\u00e4s mer","og_url":"https:\/\/wp.kristdemokraterna.se\/ydre\/2016-04-19-terror-och-krig-ar-inte-olyckshandelser\/","og_site_name":"Kristdemokraterna i Ydre","article_modified_time":"2018-07-20T14:15:46+00:00","og_image":[{"url":"http:\/\/ydrebo.se\/kd\/veckobrev2016\/grabe.JPG","type":"","width":"","height":""}],"twitter_card":"summary_large_image","twitter_misc":{"Ber\u00e4knad l\u00e4stid":"1 minut"},"schema":{"@context":"https:\/\/schema.org","@graph":[{"@type":"WebPage","@id":"https:\/\/wp.kristdemokraterna.se\/ydre\/2016-04-19-terror-och-krig-ar-inte-olyckshandelser\/","url":"https:\/\/wp.kristdemokraterna.se\/ydre\/2016-04-19-terror-och-krig-ar-inte-olyckshandelser\/","name":"2016-04-19 Terror och krig \u00e4r inte olycksh\u00e4ndelser - Kristdemokraterna i Ydre","isPartOf":{"@id":"https:\/\/wp.kristdemokraterna.se\/ydre\/#website"},"primaryImageOfPage":{"@id":"https:\/\/wp.kristdemokraterna.se\/ydre\/2016-04-19-terror-och-krig-ar-inte-olyckshandelser\/#primaryimage"},"image":{"@id":"https:\/\/wp.kristdemokraterna.se\/ydre\/2016-04-19-terror-och-krig-ar-inte-olyckshandelser\/#primaryimage"},"thumbnailUrl":"http:\/\/ydrebo.se\/kd\/veckobrev2016\/grabe.JPG","datePublished":"2018-07-20T14:14:52+00:00","dateModified":"2018-07-20T14:15:46+00:00","breadcrumb":{"@id":"https:\/\/wp.kristdemokraterna.se\/ydre\/2016-04-19-terror-och-krig-ar-inte-olyckshandelser\/#breadcrumb"},"inLanguage":"sv-SE","potentialAction":[{"@type":"ReadAction","target":["https:\/\/wp.kristdemokraterna.se\/ydre\/2016-04-19-terror-och-krig-ar-inte-olyckshandelser\/"]}]},{"@type":"ImageObject","inLanguage":"sv-SE","@id":"https:\/\/wp.kristdemokraterna.se\/ydre\/2016-04-19-terror-och-krig-ar-inte-olyckshandelser\/#primaryimage","url":"http:\/\/ydrebo.se\/kd\/veckobrev2016\/grabe.JPG","contentUrl":"http:\/\/ydrebo.se\/kd\/veckobrev2016\/grabe.JPG"},{"@type":"BreadcrumbList","@id":"https:\/\/wp.kristdemokraterna.se\/ydre\/2016-04-19-terror-och-krig-ar-inte-olyckshandelser\/#breadcrumb","itemListElement":[{"@type":"ListItem","position":1,"name":"Hem","item":"https:\/\/wp.kristdemokraterna.se\/ydre\/"},{"@type":"ListItem","position":2,"name":"2016-04-19 Terror och krig \u00e4r inte olycksh\u00e4ndelser"}]},{"@type":"WebSite","@id":"https:\/\/wp.kristdemokraterna.se\/ydre\/#website","url":"https:\/\/wp.kristdemokraterna.se\/ydre\/","name":"Kristdemokraterna i Ydre","description":"En till Kristdemokraterna webbplats","inLanguage":"sv-SE"}]}},"_links":{"self":[{"href":"https:\/\/wp.kristdemokraterna.se\/ydre\/wp-json\/wp\/v2\/pages\/974","targetHints":{"allow":["GET"]}}],"collection":[{"href":"https:\/\/wp.kristdemokraterna.se\/ydre\/wp-json\/wp\/v2\/pages"}],"about":[{"href":"https:\/\/wp.kristdemokraterna.se\/ydre\/wp-json\/wp\/v2\/types\/page"}],"author":[{"embeddable":true,"href":"https:\/\/wp.kristdemokraterna.se\/ydre\/wp-json\/wp\/v2\/users\/793"}],"replies":[{"embeddable":true,"href":"https:\/\/wp.kristdemokraterna.se\/ydre\/wp-json\/wp\/v2\/comments?post=974"}],"version-history":[{"count":2,"href":"https:\/\/wp.kristdemokraterna.se\/ydre\/wp-json\/wp\/v2\/pages\/974\/revisions"}],"predecessor-version":[{"id":976,"href":"https:\/\/wp.kristdemokraterna.se\/ydre\/wp-json\/wp\/v2\/pages\/974\/revisions\/976"}],"wp:attachment":[{"href":"https:\/\/wp.kristdemokraterna.se\/ydre\/wp-json\/wp\/v2\/media?parent=974"}],"curies":[{"name":"wp","href":"https:\/\/api.w.org\/{rel}","templated":true}]}}