{"id":978,"date":"2018-07-20T16:18:09","date_gmt":"2018-07-20T14:18:09","guid":{"rendered":"http:\/\/wp.kristdemokraterna.se\/ydre\/?page_id=978"},"modified":"2018-07-20T16:19:27","modified_gmt":"2018-07-20T14:19:27","slug":"2016-04-28-far-en-ydrebo-bli-sjuk","status":"publish","type":"page","link":"https:\/\/wp.kristdemokraterna.se\/ydre\/2016-04-28-far-en-ydrebo-bli-sjuk\/","title":{"rendered":"2016-04-28 F\u00e5r en ydrebo bli sjuk?"},"content":{"rendered":"<p>Det kan inte hj\u00e4lpas. \u00c4ven vi ydrebor blir sjuka ibland. D\u00e4rf\u00f6r \u00e4r det bra att vi har en egen v\u00e5rdcentral \u00e4ven om det varit besv\u00e4rligt med s\u00e5 m\u00e5nga byten av l\u00e4kare.<br \/>\nIbland r\u00e4cker inte det som v\u00e5rdcentralen kan erbjuda. D\u00e5 borde vi (s\u00e4gs det) \u00e5ka till &#8221;v\u00e5rt&#8221; sjukhus som ligger i Link\u00f6ping.<\/p>\n<p><img loading=\"lazy\" decoding=\"async\" src=\"http:\/\/ydrebo.se\/kd\/veckobrev2016\/varblommor.JPG\" width=\"600\" height=\"461\" \/><\/p>\n<p>Men det \u00e4r l\u00e5ngt till Universitetssjukhuset i Link\u00f6ping. S\u00e4rskilt om det \u00e4r br\u00e5ttom far vi eller skjutsas vi till H\u00f6glandssjukuhuset i Eksj\u00f6. Region \u00d6sterg\u00f6tland betalar d\u00e5 f\u00f6r sjukresorna.<br \/>\nIbland r\u00e4cker inte resurserna i Eksj\u00f6. D\u00e5 h\u00e4nder det att patienten remitteras till J\u00f6nk\u00f6ping. Och d\u00e5 blir det problem.<br \/>\nYdres kommunledning tycker sig f\u00f6rst\u00e5 att v\u00e5r region skall betala f\u00f6r sjukresor till J\u00f6nk\u00f6ping om det finns en l\u00e4karremiss dit.<br \/>\nMen detta fungerar inte i praktiken. P\u00e5 kort tid har jag f\u00e5tt h\u00f6ra om ett par fall d\u00e5 patienter sj\u00e4lva f\u00e5tt betala f\u00f6r sjukresor till och fr\u00e5n J\u00f6nk\u00f6ping trots att det funnits remiss fr\u00e5n sjukhuset i Eksj\u00f6.<br \/>\nDetta kan drabba vilken ydrebo som helst och bli r\u00e4tt s\u00e5 dyrt. N\u00e4r jag tog upp saken vid kommunfullm\u00e4ktiges sammantr\u00e4de f\u00f6r n\u00e5gra dagar sedan fick jag l\u00f6fte om att kommunledningen skall kontakta regionen i denna fr\u00e5ga.<br \/>\nEn r\u00e4ttelse m\u00e5ste ske snart. F\u00f6r ocks\u00e5 vi \u00e4r ju \u00f6stg\u00f6tar.<\/p>\n<p>Kom ih\u00e5g\u00a0manifestationen f\u00f6r familjen p\u00e5 f\u00f6rsta maj\u00a0i Link\u00f6ping!<br \/>\n<img loading=\"lazy\" decoding=\"async\" src=\"http:\/\/ydrebo.se\/kd\/veckobrev2016\/annons.JPG\" width=\"600\" height=\"221\" \/><\/p>\n<p><img loading=\"lazy\" decoding=\"async\" src=\"http:\/\/ydrebo.se\/kd\/veckobrev2016\/talare.JPG\" width=\"379\" height=\"403\" \/><\/p>\n<p><i>Bengt Malm, ordf.<br \/>\n28 april 2016<\/i><\/p>\n","protected":false},"excerpt":{"rendered":"<p>Det kan inte hj\u00e4lpas. \u00c4ven vi ydrebor blir sjuka ibland. D\u00e4rf\u00f6r \u00e4r det bra att vi har en egen v\u00e5rdcentral \u00e4ven om det varit besv\u00e4rligt med s\u00e5 m\u00e5nga byten av l\u00e4kare. Ibland r\u00e4cker inte det som v\u00e5rdcentralen kan erbjuda. D\u00e5 borde vi (s\u00e4gs det) \u00e5ka till &#8221;v\u00e5rt&#8221; sjukhus som ligger i Link\u00f6ping. Men det \u00e4r <a class=\"read-more-link\" href=\"https:\/\/wp.kristdemokraterna.se\/ydre\/2016-04-28-far-en-ydrebo-bli-sjuk\/\">L\u00e4s mer<\/a><\/p>\n","protected":false},"author":793,"featured_media":0,"parent":0,"menu_order":0,"comment_status":"closed","ping_status":"closed","template":"","meta":{"_acf_changed":false,"footnotes":""},"class_list":["post-978","page","type-page","status-publish","hentry"],"acf":[],"yoast_head":"<!-- This site is optimized with the Yoast SEO plugin v27.5 - https:\/\/yoast.com\/product\/yoast-seo-wordpress\/ -->\n<title>2016-04-28 F\u00e5r en ydrebo bli sjuk? - Kristdemokraterna i Ydre<\/title>\n<meta name=\"robots\" content=\"index, follow, max-snippet:-1, max-image-preview:large, max-video-preview:-1\" \/>\n<link rel=\"canonical\" href=\"https:\/\/wp.kristdemokraterna.se\/ydre\/2016-04-28-far-en-ydrebo-bli-sjuk\/\" \/>\n<meta property=\"og:locale\" content=\"sv_SE\" \/>\n<meta property=\"og:type\" content=\"article\" \/>\n<meta property=\"og:title\" content=\"2016-04-28 F\u00e5r en ydrebo bli sjuk? - Kristdemokraterna i Ydre\" \/>\n<meta property=\"og:description\" content=\"Det kan inte hj\u00e4lpas. \u00c4ven vi ydrebor blir sjuka ibland. D\u00e4rf\u00f6r \u00e4r det bra att vi har en egen v\u00e5rdcentral \u00e4ven om det varit besv\u00e4rligt med s\u00e5 m\u00e5nga byten av l\u00e4kare. Ibland r\u00e4cker inte det som v\u00e5rdcentralen kan erbjuda. D\u00e5 borde vi (s\u00e4gs det) \u00e5ka till &#8221;v\u00e5rt&#8221; sjukhus som ligger i Link\u00f6ping. Men det \u00e4r L\u00e4s mer\" \/>\n<meta property=\"og:url\" content=\"https:\/\/wp.kristdemokraterna.se\/ydre\/2016-04-28-far-en-ydrebo-bli-sjuk\/\" \/>\n<meta property=\"og:site_name\" content=\"Kristdemokraterna i Ydre\" \/>\n<meta property=\"article:modified_time\" content=\"2018-07-20T14:19:27+00:00\" \/>\n<meta property=\"og:image\" content=\"http:\/\/ydrebo.se\/kd\/veckobrev2016\/varblommor.JPG\" \/>\n<meta name=\"twitter:card\" content=\"summary_large_image\" \/>\n<meta name=\"twitter:label1\" content=\"Ber\u00e4knad l\u00e4stid\" \/>\n\t<meta name=\"twitter:data1\" content=\"1 minut\" \/>\n<script type=\"application\/ld+json\" class=\"yoast-schema-graph\">{\"@context\":\"https:\\\/\\\/schema.org\",\"@graph\":[{\"@type\":\"WebPage\",\"@id\":\"https:\\\/\\\/wp.kristdemokraterna.se\\\/ydre\\\/2016-04-28-far-en-ydrebo-bli-sjuk\\\/\",\"url\":\"https:\\\/\\\/wp.kristdemokraterna.se\\\/ydre\\\/2016-04-28-far-en-ydrebo-bli-sjuk\\\/\",\"name\":\"2016-04-28 F\u00e5r en ydrebo bli sjuk? - Kristdemokraterna i Ydre\",\"isPartOf\":{\"@id\":\"https:\\\/\\\/wp.kristdemokraterna.se\\\/ydre\\\/#website\"},\"primaryImageOfPage\":{\"@id\":\"https:\\\/\\\/wp.kristdemokraterna.se\\\/ydre\\\/2016-04-28-far-en-ydrebo-bli-sjuk\\\/#primaryimage\"},\"image\":{\"@id\":\"https:\\\/\\\/wp.kristdemokraterna.se\\\/ydre\\\/2016-04-28-far-en-ydrebo-bli-sjuk\\\/#primaryimage\"},\"thumbnailUrl\":\"http:\\\/\\\/ydrebo.se\\\/kd\\\/veckobrev2016\\\/varblommor.JPG\",\"datePublished\":\"2018-07-20T14:18:09+00:00\",\"dateModified\":\"2018-07-20T14:19:27+00:00\",\"breadcrumb\":{\"@id\":\"https:\\\/\\\/wp.kristdemokraterna.se\\\/ydre\\\/2016-04-28-far-en-ydrebo-bli-sjuk\\\/#breadcrumb\"},\"inLanguage\":\"sv-SE\",\"potentialAction\":[{\"@type\":\"ReadAction\",\"target\":[\"https:\\\/\\\/wp.kristdemokraterna.se\\\/ydre\\\/2016-04-28-far-en-ydrebo-bli-sjuk\\\/\"]}]},{\"@type\":\"ImageObject\",\"inLanguage\":\"sv-SE\",\"@id\":\"https:\\\/\\\/wp.kristdemokraterna.se\\\/ydre\\\/2016-04-28-far-en-ydrebo-bli-sjuk\\\/#primaryimage\",\"url\":\"http:\\\/\\\/ydrebo.se\\\/kd\\\/veckobrev2016\\\/varblommor.JPG\",\"contentUrl\":\"http:\\\/\\\/ydrebo.se\\\/kd\\\/veckobrev2016\\\/varblommor.JPG\"},{\"@type\":\"BreadcrumbList\",\"@id\":\"https:\\\/\\\/wp.kristdemokraterna.se\\\/ydre\\\/2016-04-28-far-en-ydrebo-bli-sjuk\\\/#breadcrumb\",\"itemListElement\":[{\"@type\":\"ListItem\",\"position\":1,\"name\":\"Hem\",\"item\":\"https:\\\/\\\/wp.kristdemokraterna.se\\\/ydre\\\/\"},{\"@type\":\"ListItem\",\"position\":2,\"name\":\"2016-04-28 F\u00e5r en ydrebo bli sjuk?\"}]},{\"@type\":\"WebSite\",\"@id\":\"https:\\\/\\\/wp.kristdemokraterna.se\\\/ydre\\\/#website\",\"url\":\"https:\\\/\\\/wp.kristdemokraterna.se\\\/ydre\\\/\",\"name\":\"Kristdemokraterna i Ydre\",\"description\":\"En till Kristdemokraterna webbplats\",\"inLanguage\":\"sv-SE\"}]}<\/script>\n<!-- \/ Yoast SEO plugin. -->","yoast_head_json":{"title":"2016-04-28 F\u00e5r en ydrebo bli sjuk? - Kristdemokraterna i Ydre","robots":{"index":"index","follow":"follow","max-snippet":"max-snippet:-1","max-image-preview":"max-image-preview:large","max-video-preview":"max-video-preview:-1"},"canonical":"https:\/\/wp.kristdemokraterna.se\/ydre\/2016-04-28-far-en-ydrebo-bli-sjuk\/","og_locale":"sv_SE","og_type":"article","og_title":"2016-04-28 F\u00e5r en ydrebo bli sjuk? - Kristdemokraterna i Ydre","og_description":"Det kan inte hj\u00e4lpas. \u00c4ven vi ydrebor blir sjuka ibland. D\u00e4rf\u00f6r \u00e4r det bra att vi har en egen v\u00e5rdcentral \u00e4ven om det varit besv\u00e4rligt med s\u00e5 m\u00e5nga byten av l\u00e4kare. Ibland r\u00e4cker inte det som v\u00e5rdcentralen kan erbjuda. D\u00e5 borde vi (s\u00e4gs det) \u00e5ka till &#8221;v\u00e5rt&#8221; sjukhus som ligger i Link\u00f6ping. Men det \u00e4r L\u00e4s mer","og_url":"https:\/\/wp.kristdemokraterna.se\/ydre\/2016-04-28-far-en-ydrebo-bli-sjuk\/","og_site_name":"Kristdemokraterna i Ydre","article_modified_time":"2018-07-20T14:19:27+00:00","og_image":[{"url":"http:\/\/ydrebo.se\/kd\/veckobrev2016\/varblommor.JPG","type":"","width":"","height":""}],"twitter_card":"summary_large_image","twitter_misc":{"Ber\u00e4knad l\u00e4stid":"1 minut"},"schema":{"@context":"https:\/\/schema.org","@graph":[{"@type":"WebPage","@id":"https:\/\/wp.kristdemokraterna.se\/ydre\/2016-04-28-far-en-ydrebo-bli-sjuk\/","url":"https:\/\/wp.kristdemokraterna.se\/ydre\/2016-04-28-far-en-ydrebo-bli-sjuk\/","name":"2016-04-28 F\u00e5r en ydrebo bli sjuk? - Kristdemokraterna i Ydre","isPartOf":{"@id":"https:\/\/wp.kristdemokraterna.se\/ydre\/#website"},"primaryImageOfPage":{"@id":"https:\/\/wp.kristdemokraterna.se\/ydre\/2016-04-28-far-en-ydrebo-bli-sjuk\/#primaryimage"},"image":{"@id":"https:\/\/wp.kristdemokraterna.se\/ydre\/2016-04-28-far-en-ydrebo-bli-sjuk\/#primaryimage"},"thumbnailUrl":"http:\/\/ydrebo.se\/kd\/veckobrev2016\/varblommor.JPG","datePublished":"2018-07-20T14:18:09+00:00","dateModified":"2018-07-20T14:19:27+00:00","breadcrumb":{"@id":"https:\/\/wp.kristdemokraterna.se\/ydre\/2016-04-28-far-en-ydrebo-bli-sjuk\/#breadcrumb"},"inLanguage":"sv-SE","potentialAction":[{"@type":"ReadAction","target":["https:\/\/wp.kristdemokraterna.se\/ydre\/2016-04-28-far-en-ydrebo-bli-sjuk\/"]}]},{"@type":"ImageObject","inLanguage":"sv-SE","@id":"https:\/\/wp.kristdemokraterna.se\/ydre\/2016-04-28-far-en-ydrebo-bli-sjuk\/#primaryimage","url":"http:\/\/ydrebo.se\/kd\/veckobrev2016\/varblommor.JPG","contentUrl":"http:\/\/ydrebo.se\/kd\/veckobrev2016\/varblommor.JPG"},{"@type":"BreadcrumbList","@id":"https:\/\/wp.kristdemokraterna.se\/ydre\/2016-04-28-far-en-ydrebo-bli-sjuk\/#breadcrumb","itemListElement":[{"@type":"ListItem","position":1,"name":"Hem","item":"https:\/\/wp.kristdemokraterna.se\/ydre\/"},{"@type":"ListItem","position":2,"name":"2016-04-28 F\u00e5r en ydrebo bli sjuk?"}]},{"@type":"WebSite","@id":"https:\/\/wp.kristdemokraterna.se\/ydre\/#website","url":"https:\/\/wp.kristdemokraterna.se\/ydre\/","name":"Kristdemokraterna i Ydre","description":"En till Kristdemokraterna webbplats","inLanguage":"sv-SE"}]}},"_links":{"self":[{"href":"https:\/\/wp.kristdemokraterna.se\/ydre\/wp-json\/wp\/v2\/pages\/978","targetHints":{"allow":["GET"]}}],"collection":[{"href":"https:\/\/wp.kristdemokraterna.se\/ydre\/wp-json\/wp\/v2\/pages"}],"about":[{"href":"https:\/\/wp.kristdemokraterna.se\/ydre\/wp-json\/wp\/v2\/types\/page"}],"author":[{"embeddable":true,"href":"https:\/\/wp.kristdemokraterna.se\/ydre\/wp-json\/wp\/v2\/users\/793"}],"replies":[{"embeddable":true,"href":"https:\/\/wp.kristdemokraterna.se\/ydre\/wp-json\/wp\/v2\/comments?post=978"}],"version-history":[{"count":3,"href":"https:\/\/wp.kristdemokraterna.se\/ydre\/wp-json\/wp\/v2\/pages\/978\/revisions"}],"predecessor-version":[{"id":981,"href":"https:\/\/wp.kristdemokraterna.se\/ydre\/wp-json\/wp\/v2\/pages\/978\/revisions\/981"}],"wp:attachment":[{"href":"https:\/\/wp.kristdemokraterna.se\/ydre\/wp-json\/wp\/v2\/media?parent=978"}],"curies":[{"name":"wp","href":"https:\/\/api.w.org\/{rel}","templated":true}]}}