{"id":987,"date":"2018-07-20T16:24:13","date_gmt":"2018-07-20T14:24:13","guid":{"rendered":"http:\/\/wp.kristdemokraterna.se\/ydre\/?page_id=987"},"modified":"2018-07-20T16:26:05","modified_gmt":"2018-07-20T14:26:05","slug":"2016-05-13-maste-landsbygden-tommas","status":"publish","type":"page","link":"https:\/\/wp.kristdemokraterna.se\/ydre\/2016-05-13-maste-landsbygden-tommas\/","title":{"rendered":"2016-05-13 M\u00e5ste landsbygden t\u00f6mmas?"},"content":{"rendered":"<p>Det menar kr\u00f6nik\u00f6ren\u00a0<a href=\"http:\/\/www.aftonbladet.se\/nyheter\/kolumnister\/johanhakelius\/article22780266.ab\" target=\"_blank&quot;\"><b>Johan Hakelius<\/b><\/a>\u00a0i Aftonbladet den 9 maj. F\u00f6r civilisationens skull &#8221;kr\u00e4vs att vi t\u00f6mmer landsbygden p\u00e5 folk och samlas i t\u00e4tbebyggda omr\u00e5den. Det \u00e4r s\u00e5 n\u00e4ra en sj\u00e4lvklarhet som det g\u00e5r att komma.&#8221;<\/p>\n<p><img loading=\"lazy\" decoding=\"async\" src=\"http:\/\/ydrebo.se\/kd\/veckobrev\/hongkong.jpg\" width=\"600\" height=\"450\" \/><br \/>\n<i>Den sanna civilisationen (Shatin i Hongkong).<\/p>\n<p><\/i>S\u00e5 nu vet vi. Ydreborna \u00e4r ociviliserade, mycket ociviliserade. V\u00e5ra politiker f\u00f6rs\u00e4tter glesbygden &#8221;i ekonomisk kris och m\u00e5ste brandskatta de stackare som bor kvar.&#8221; Visst k\u00e4nner vi igen oss? Hakelius menar att politikerna lovar oss &#8221;sjukhus, simhallar och service i v\u00e4rldsklass&#8221;.<\/p>\n<p><img loading=\"lazy\" decoding=\"async\" src=\"http:\/\/ydrebo.se\/kd\/veckobrev\/Norra_Vi.JPG\" width=\"600\" height=\"450\" \/><br \/>\n<i>Ociviliserat (Norra Vi i Ydre).<\/p>\n<p><\/i>Ydre b\u00f6r allts\u00e5 t\u00f6mmas. De som vill bli kvar kan f\u00e5 &#8221;v\u00e4rdigt st\u00e5 lite utanf\u00f6r civilisationen.&#8221; Men de flesta b\u00f6r bo v\u00e4ldigt t\u00e4tt. Andra f\u00f6resl\u00e5r att vi skall bygga p\u00e5 h\u00f6jden. Det skapar n\u00e4rhet&#8230;<\/p>\n<p><img loading=\"lazy\" decoding=\"async\" src=\"http:\/\/ydrebo.se\/kd\/veckobrev2016\/vallvagen2.JPG\" width=\"600\" height=\"443\" \/><br \/>\n<i>Sl\u00f6seri med utrymme (Vallv\u00e4gen i \u00d6sterbymo).<\/p>\n<p><\/i>I sj\u00e4lva verket kommer kulturen fr\u00e5n landet. St\u00e4derna \u00e4r nybyggen, ganska enformiga och inte s\u00e4rskilt imponerande. Vad ser man d\u00e4r f\u00f6rutom s\u00e5dant som m\u00e4nniskor tillverkat?<\/p>\n<p><img loading=\"lazy\" decoding=\"async\" src=\"http:\/\/ydrebo.se\/kd\/veckobrev2016\/vastergatan.JPG\" width=\"600\" height=\"462\" \/><br \/>\n<i>Omodernt (hus vid V\u00e4stergatan i \u00d6sterbymo).<\/p>\n<p><\/i>\u00c4ven invandrare finner sig alltmer till r\u00e4tta i Ydre. H\u00e4romdagen undrade en av dem vad som g\u00f6r att m\u00e4nniskor i allm\u00e4nhet tycks trivas i Ydre.<\/p>\n<p><img loading=\"lazy\" decoding=\"async\" src=\"http:\/\/ydrebo.se\/kd\/veckobrev2016\/park.JPG\" width=\"600\" height=\"450\" \/><br \/>\n<i>Varf\u00f6r sl\u00f6sa mark p\u00e5 gr\u00f6nytor (Park i \u00d6sterbymo).<\/p>\n<p><\/i>Det som betyder n\u00e5got f\u00f6r oss \u00e4r nog att det inte \u00e4r tr\u00e4ngsel h\u00e4r. \u00c4nd\u00e5 \u00e4r det n\u00e4ra till viktig service. Och det \u00e4r n\u00e4ra till naturen.<\/p>\n<p><img loading=\"lazy\" decoding=\"async\" src=\"http:\/\/ydrebo.se\/kd\/veckobrev2016\/park2.JPG\" width=\"600\" height=\"462\" \/><br \/>\n<i>En annan av de omoderna gr\u00e4sytorna i \u00d6sterbymo.<\/p>\n<p><\/i>Det \u00e4r s\u00e5 h\u00e4r man skall bo f\u00f6r att riktigt kunna andas och leva. P\u00e5 dagen ser vi det som v\u00e4xer. Och p\u00e5 natten kan vi se stj\u00e4rnorna. Det \u00e4r h\u00e4r civilisationen finns.<\/p>\n<p><i>Bengt Malm, ordf.<br \/>\n13 maj 2016<\/i><\/p>\n","protected":false},"excerpt":{"rendered":"<p>Det menar kr\u00f6nik\u00f6ren\u00a0Johan Hakelius\u00a0i Aftonbladet den 9 maj. F\u00f6r civilisationens skull &#8221;kr\u00e4vs att vi t\u00f6mmer landsbygden p\u00e5 folk och samlas i t\u00e4tbebyggda omr\u00e5den. Det \u00e4r s\u00e5 n\u00e4ra en sj\u00e4lvklarhet som det g\u00e5r att komma.&#8221; Den sanna civilisationen (Shatin i Hongkong). S\u00e5 nu vet vi. Ydreborna \u00e4r ociviliserade, mycket ociviliserade. V\u00e5ra politiker f\u00f6rs\u00e4tter glesbygden &#8221;i ekonomisk <a class=\"read-more-link\" href=\"https:\/\/wp.kristdemokraterna.se\/ydre\/2016-05-13-maste-landsbygden-tommas\/\">L\u00e4s mer<\/a><\/p>\n","protected":false},"author":793,"featured_media":0,"parent":0,"menu_order":0,"comment_status":"closed","ping_status":"closed","template":"","meta":{"_acf_changed":false,"footnotes":""},"class_list":["post-987","page","type-page","status-publish","hentry"],"acf":[],"yoast_head":"<!-- This site is optimized with the Yoast SEO plugin v27.5 - https:\/\/yoast.com\/product\/yoast-seo-wordpress\/ -->\n<title>2016-05-13 M\u00e5ste landsbygden t\u00f6mmas? - Kristdemokraterna i Ydre<\/title>\n<meta name=\"robots\" content=\"index, follow, max-snippet:-1, max-image-preview:large, max-video-preview:-1\" \/>\n<link rel=\"canonical\" href=\"https:\/\/wp.kristdemokraterna.se\/ydre\/2016-05-13-maste-landsbygden-tommas\/\" \/>\n<meta property=\"og:locale\" content=\"sv_SE\" \/>\n<meta property=\"og:type\" content=\"article\" \/>\n<meta property=\"og:title\" content=\"2016-05-13 M\u00e5ste landsbygden t\u00f6mmas? - Kristdemokraterna i Ydre\" \/>\n<meta property=\"og:description\" content=\"Det menar kr\u00f6nik\u00f6ren\u00a0Johan Hakelius\u00a0i Aftonbladet den 9 maj. F\u00f6r civilisationens skull &#8221;kr\u00e4vs att vi t\u00f6mmer landsbygden p\u00e5 folk och samlas i t\u00e4tbebyggda omr\u00e5den. Det \u00e4r s\u00e5 n\u00e4ra en sj\u00e4lvklarhet som det g\u00e5r att komma.&#8221; Den sanna civilisationen (Shatin i Hongkong). S\u00e5 nu vet vi. Ydreborna \u00e4r ociviliserade, mycket ociviliserade. V\u00e5ra politiker f\u00f6rs\u00e4tter glesbygden &#8221;i ekonomisk L\u00e4s mer\" \/>\n<meta property=\"og:url\" content=\"https:\/\/wp.kristdemokraterna.se\/ydre\/2016-05-13-maste-landsbygden-tommas\/\" \/>\n<meta property=\"og:site_name\" content=\"Kristdemokraterna i Ydre\" \/>\n<meta property=\"article:modified_time\" content=\"2018-07-20T14:26:05+00:00\" \/>\n<meta property=\"og:image\" content=\"http:\/\/ydrebo.se\/kd\/veckobrev\/hongkong.jpg\" \/>\n<meta name=\"twitter:card\" content=\"summary_large_image\" \/>\n<meta name=\"twitter:label1\" content=\"Ber\u00e4knad l\u00e4stid\" \/>\n\t<meta name=\"twitter:data1\" content=\"2 minuter\" \/>\n<script type=\"application\/ld+json\" class=\"yoast-schema-graph\">{\"@context\":\"https:\\\/\\\/schema.org\",\"@graph\":[{\"@type\":\"WebPage\",\"@id\":\"https:\\\/\\\/wp.kristdemokraterna.se\\\/ydre\\\/2016-05-13-maste-landsbygden-tommas\\\/\",\"url\":\"https:\\\/\\\/wp.kristdemokraterna.se\\\/ydre\\\/2016-05-13-maste-landsbygden-tommas\\\/\",\"name\":\"2016-05-13 M\u00e5ste landsbygden t\u00f6mmas? - Kristdemokraterna i Ydre\",\"isPartOf\":{\"@id\":\"https:\\\/\\\/wp.kristdemokraterna.se\\\/ydre\\\/#website\"},\"primaryImageOfPage\":{\"@id\":\"https:\\\/\\\/wp.kristdemokraterna.se\\\/ydre\\\/2016-05-13-maste-landsbygden-tommas\\\/#primaryimage\"},\"image\":{\"@id\":\"https:\\\/\\\/wp.kristdemokraterna.se\\\/ydre\\\/2016-05-13-maste-landsbygden-tommas\\\/#primaryimage\"},\"thumbnailUrl\":\"http:\\\/\\\/ydrebo.se\\\/kd\\\/veckobrev\\\/hongkong.jpg\",\"datePublished\":\"2018-07-20T14:24:13+00:00\",\"dateModified\":\"2018-07-20T14:26:05+00:00\",\"breadcrumb\":{\"@id\":\"https:\\\/\\\/wp.kristdemokraterna.se\\\/ydre\\\/2016-05-13-maste-landsbygden-tommas\\\/#breadcrumb\"},\"inLanguage\":\"sv-SE\",\"potentialAction\":[{\"@type\":\"ReadAction\",\"target\":[\"https:\\\/\\\/wp.kristdemokraterna.se\\\/ydre\\\/2016-05-13-maste-landsbygden-tommas\\\/\"]}]},{\"@type\":\"ImageObject\",\"inLanguage\":\"sv-SE\",\"@id\":\"https:\\\/\\\/wp.kristdemokraterna.se\\\/ydre\\\/2016-05-13-maste-landsbygden-tommas\\\/#primaryimage\",\"url\":\"http:\\\/\\\/ydrebo.se\\\/kd\\\/veckobrev\\\/hongkong.jpg\",\"contentUrl\":\"http:\\\/\\\/ydrebo.se\\\/kd\\\/veckobrev\\\/hongkong.jpg\"},{\"@type\":\"BreadcrumbList\",\"@id\":\"https:\\\/\\\/wp.kristdemokraterna.se\\\/ydre\\\/2016-05-13-maste-landsbygden-tommas\\\/#breadcrumb\",\"itemListElement\":[{\"@type\":\"ListItem\",\"position\":1,\"name\":\"Hem\",\"item\":\"https:\\\/\\\/wp.kristdemokraterna.se\\\/ydre\\\/\"},{\"@type\":\"ListItem\",\"position\":2,\"name\":\"2016-05-13 M\u00e5ste landsbygden t\u00f6mmas?\"}]},{\"@type\":\"WebSite\",\"@id\":\"https:\\\/\\\/wp.kristdemokraterna.se\\\/ydre\\\/#website\",\"url\":\"https:\\\/\\\/wp.kristdemokraterna.se\\\/ydre\\\/\",\"name\":\"Kristdemokraterna i Ydre\",\"description\":\"En till Kristdemokraterna webbplats\",\"inLanguage\":\"sv-SE\"}]}<\/script>\n<!-- \/ Yoast SEO plugin. -->","yoast_head_json":{"title":"2016-05-13 M\u00e5ste landsbygden t\u00f6mmas? - Kristdemokraterna i Ydre","robots":{"index":"index","follow":"follow","max-snippet":"max-snippet:-1","max-image-preview":"max-image-preview:large","max-video-preview":"max-video-preview:-1"},"canonical":"https:\/\/wp.kristdemokraterna.se\/ydre\/2016-05-13-maste-landsbygden-tommas\/","og_locale":"sv_SE","og_type":"article","og_title":"2016-05-13 M\u00e5ste landsbygden t\u00f6mmas? - Kristdemokraterna i Ydre","og_description":"Det menar kr\u00f6nik\u00f6ren\u00a0Johan Hakelius\u00a0i Aftonbladet den 9 maj. F\u00f6r civilisationens skull &#8221;kr\u00e4vs att vi t\u00f6mmer landsbygden p\u00e5 folk och samlas i t\u00e4tbebyggda omr\u00e5den. Det \u00e4r s\u00e5 n\u00e4ra en sj\u00e4lvklarhet som det g\u00e5r att komma.&#8221; Den sanna civilisationen (Shatin i Hongkong). S\u00e5 nu vet vi. Ydreborna \u00e4r ociviliserade, mycket ociviliserade. V\u00e5ra politiker f\u00f6rs\u00e4tter glesbygden &#8221;i ekonomisk L\u00e4s mer","og_url":"https:\/\/wp.kristdemokraterna.se\/ydre\/2016-05-13-maste-landsbygden-tommas\/","og_site_name":"Kristdemokraterna i Ydre","article_modified_time":"2018-07-20T14:26:05+00:00","og_image":[{"url":"http:\/\/ydrebo.se\/kd\/veckobrev\/hongkong.jpg","type":"","width":"","height":""}],"twitter_card":"summary_large_image","twitter_misc":{"Ber\u00e4knad l\u00e4stid":"2 minuter"},"schema":{"@context":"https:\/\/schema.org","@graph":[{"@type":"WebPage","@id":"https:\/\/wp.kristdemokraterna.se\/ydre\/2016-05-13-maste-landsbygden-tommas\/","url":"https:\/\/wp.kristdemokraterna.se\/ydre\/2016-05-13-maste-landsbygden-tommas\/","name":"2016-05-13 M\u00e5ste landsbygden t\u00f6mmas? - Kristdemokraterna i Ydre","isPartOf":{"@id":"https:\/\/wp.kristdemokraterna.se\/ydre\/#website"},"primaryImageOfPage":{"@id":"https:\/\/wp.kristdemokraterna.se\/ydre\/2016-05-13-maste-landsbygden-tommas\/#primaryimage"},"image":{"@id":"https:\/\/wp.kristdemokraterna.se\/ydre\/2016-05-13-maste-landsbygden-tommas\/#primaryimage"},"thumbnailUrl":"http:\/\/ydrebo.se\/kd\/veckobrev\/hongkong.jpg","datePublished":"2018-07-20T14:24:13+00:00","dateModified":"2018-07-20T14:26:05+00:00","breadcrumb":{"@id":"https:\/\/wp.kristdemokraterna.se\/ydre\/2016-05-13-maste-landsbygden-tommas\/#breadcrumb"},"inLanguage":"sv-SE","potentialAction":[{"@type":"ReadAction","target":["https:\/\/wp.kristdemokraterna.se\/ydre\/2016-05-13-maste-landsbygden-tommas\/"]}]},{"@type":"ImageObject","inLanguage":"sv-SE","@id":"https:\/\/wp.kristdemokraterna.se\/ydre\/2016-05-13-maste-landsbygden-tommas\/#primaryimage","url":"http:\/\/ydrebo.se\/kd\/veckobrev\/hongkong.jpg","contentUrl":"http:\/\/ydrebo.se\/kd\/veckobrev\/hongkong.jpg"},{"@type":"BreadcrumbList","@id":"https:\/\/wp.kristdemokraterna.se\/ydre\/2016-05-13-maste-landsbygden-tommas\/#breadcrumb","itemListElement":[{"@type":"ListItem","position":1,"name":"Hem","item":"https:\/\/wp.kristdemokraterna.se\/ydre\/"},{"@type":"ListItem","position":2,"name":"2016-05-13 M\u00e5ste landsbygden t\u00f6mmas?"}]},{"@type":"WebSite","@id":"https:\/\/wp.kristdemokraterna.se\/ydre\/#website","url":"https:\/\/wp.kristdemokraterna.se\/ydre\/","name":"Kristdemokraterna i Ydre","description":"En till Kristdemokraterna webbplats","inLanguage":"sv-SE"}]}},"_links":{"self":[{"href":"https:\/\/wp.kristdemokraterna.se\/ydre\/wp-json\/wp\/v2\/pages\/987","targetHints":{"allow":["GET"]}}],"collection":[{"href":"https:\/\/wp.kristdemokraterna.se\/ydre\/wp-json\/wp\/v2\/pages"}],"about":[{"href":"https:\/\/wp.kristdemokraterna.se\/ydre\/wp-json\/wp\/v2\/types\/page"}],"author":[{"embeddable":true,"href":"https:\/\/wp.kristdemokraterna.se\/ydre\/wp-json\/wp\/v2\/users\/793"}],"replies":[{"embeddable":true,"href":"https:\/\/wp.kristdemokraterna.se\/ydre\/wp-json\/wp\/v2\/comments?post=987"}],"version-history":[{"count":3,"href":"https:\/\/wp.kristdemokraterna.se\/ydre\/wp-json\/wp\/v2\/pages\/987\/revisions"}],"predecessor-version":[{"id":990,"href":"https:\/\/wp.kristdemokraterna.se\/ydre\/wp-json\/wp\/v2\/pages\/987\/revisions\/990"}],"wp:attachment":[{"href":"https:\/\/wp.kristdemokraterna.se\/ydre\/wp-json\/wp\/v2\/media?parent=987"}],"curies":[{"name":"wp","href":"https:\/\/api.w.org\/{rel}","templated":true}]}}