{"id":997,"date":"2018-07-20T16:36:39","date_gmt":"2018-07-20T14:36:39","guid":{"rendered":"http:\/\/wp.kristdemokraterna.se\/ydre\/?page_id=997"},"modified":"2018-07-20T16:37:14","modified_gmt":"2018-07-20T14:37:14","slug":"2016-05-20-ju-mer-vi-ar-tillsammans","status":"publish","type":"page","link":"https:\/\/wp.kristdemokraterna.se\/ydre\/2016-05-20-ju-mer-vi-ar-tillsammans\/","title":{"rendered":"2016-05-20 Ju mer vi \u00e4r tillsammans"},"content":{"rendered":"<p>Man har \u00e4nnu inte hunnit ta beslut om sammanslagning av Sveriges regioner. Men redan nu ber\u00e4ttar den ansvarige ministern att han vill tills\u00e4tta en utredning om kommunsammanslagningar. Det s\u00e4gs att det b\u00f6r finnas minst 30000 inv\u00e5nare i varje kommun.<\/p>\n<p><img loading=\"lazy\" decoding=\"async\" src=\"http:\/\/ydrebo.se\/kd\/veckobrev2016\/myror.JPG\" width=\"600\" height=\"463\" \/><br \/>\n<i>Ju mer vi \u00e4r tillsammans, tillsammans, tillsammans&#8230;<\/p>\n<p><\/i>Sverige \u00e4r som ett hus med m\u00e5nga sm\u00e5 och stora rum. Ministern vill sl\u00e5 samman en del av rummen f\u00f6r att det skall &#8221;passa&#8221; den nya tiden.<\/p>\n<p><img loading=\"lazy\" decoding=\"async\" src=\"http:\/\/ydrebo.se\/kd\/veckobrev\/stuga.JPG\" width=\"400\" height=\"300\" \/><br \/>\n<i>Somliga som f\u00e5r tag i en s\u00e5dan stuga vill sl\u00e5 samman rummen.<br \/>\nIbland river man en b\u00e4rande v\u00e4gg. (Foto: Barbro Malm)<\/p>\n<p><\/i>Detta liknar vad en del moderna husk\u00f6pare g\u00f6r. De sl\u00e5r ut v\u00e4ggar. Ibland f\u00f6rsvinner en b\u00e4rande v\u00e4gg (s\u00e5dant har faktiskt h\u00e4nt).<br \/>\nI samh\u00e4llsbygget Sverige finns m\u00e5nga b\u00e4rande v\u00e4ggar. Detta tycks inte bekymra ministern. Han har n\u00e4mligen tidigare ber\u00e4ttat att hans vision inte bara handlar om att skapa st\u00f6rre enheter av samma slag. Nej, han vill g\u00f6ra om samh\u00e4llsbygget helt. I s\u00e5 fall blir det den st\u00f6rsta f\u00f6r\u00e4ndringen sedan Gustav Vasas tid.<br \/>\nBorde inte de som funderar p\u00e5 att riva och bygga om Sverige f\u00f6rst skaffa sig erfarenhet av hur det g\u00e5r till att leda en kommun eller en region? Det finns ju faktiskt v\u00e4ldigt m\u00e5nga i Sverige som kan det och f\u00e5r sina omr\u00e5den att fungera. Och det fungerar b\u00e4ttre \u00e4n vad &#8221;experterna&#8221; tror \u00e4r m\u00f6jligt. I Ydre g\u00e4ller det p\u00e5 alla omr\u00e5den.<\/p>\n<p><i>Bengt Malm, ordf.<br \/>\n20 maj 2016<\/i><\/p>\n","protected":false},"excerpt":{"rendered":"<p>Man har \u00e4nnu inte hunnit ta beslut om sammanslagning av Sveriges regioner. Men redan nu ber\u00e4ttar den ansvarige ministern att han vill tills\u00e4tta en utredning om kommunsammanslagningar. Det s\u00e4gs att det b\u00f6r finnas minst 30000 inv\u00e5nare i varje kommun. Ju mer vi \u00e4r tillsammans, tillsammans, tillsammans&#8230; Sverige \u00e4r som ett hus med m\u00e5nga sm\u00e5 och <a class=\"read-more-link\" href=\"https:\/\/wp.kristdemokraterna.se\/ydre\/2016-05-20-ju-mer-vi-ar-tillsammans\/\">L\u00e4s mer<\/a><\/p>\n","protected":false},"author":793,"featured_media":0,"parent":0,"menu_order":0,"comment_status":"closed","ping_status":"closed","template":"","meta":{"_acf_changed":false,"footnotes":""},"class_list":["post-997","page","type-page","status-publish","hentry"],"acf":[],"yoast_head":"<!-- This site is optimized with the Yoast SEO plugin v27.5 - https:\/\/yoast.com\/product\/yoast-seo-wordpress\/ -->\n<title>2016-05-20 Ju mer vi \u00e4r tillsammans - Kristdemokraterna i Ydre<\/title>\n<meta name=\"robots\" content=\"index, follow, max-snippet:-1, max-image-preview:large, max-video-preview:-1\" \/>\n<link rel=\"canonical\" href=\"https:\/\/wp.kristdemokraterna.se\/ydre\/2016-05-20-ju-mer-vi-ar-tillsammans\/\" \/>\n<meta property=\"og:locale\" content=\"sv_SE\" \/>\n<meta property=\"og:type\" content=\"article\" \/>\n<meta property=\"og:title\" content=\"2016-05-20 Ju mer vi \u00e4r tillsammans - Kristdemokraterna i Ydre\" \/>\n<meta property=\"og:description\" content=\"Man har \u00e4nnu inte hunnit ta beslut om sammanslagning av Sveriges regioner. Men redan nu ber\u00e4ttar den ansvarige ministern att han vill tills\u00e4tta en utredning om kommunsammanslagningar. Det s\u00e4gs att det b\u00f6r finnas minst 30000 inv\u00e5nare i varje kommun. Ju mer vi \u00e4r tillsammans, tillsammans, tillsammans&#8230; Sverige \u00e4r som ett hus med m\u00e5nga sm\u00e5 och L\u00e4s mer\" \/>\n<meta property=\"og:url\" content=\"https:\/\/wp.kristdemokraterna.se\/ydre\/2016-05-20-ju-mer-vi-ar-tillsammans\/\" \/>\n<meta property=\"og:site_name\" content=\"Kristdemokraterna i Ydre\" \/>\n<meta property=\"article:modified_time\" content=\"2018-07-20T14:37:14+00:00\" \/>\n<meta property=\"og:image\" content=\"http:\/\/ydrebo.se\/kd\/veckobrev2016\/myror.JPG\" \/>\n<meta name=\"twitter:card\" content=\"summary_large_image\" \/>\n<meta name=\"twitter:label1\" content=\"Ber\u00e4knad l\u00e4stid\" \/>\n\t<meta name=\"twitter:data1\" content=\"1 minut\" \/>\n<script type=\"application\/ld+json\" class=\"yoast-schema-graph\">{\"@context\":\"https:\\\/\\\/schema.org\",\"@graph\":[{\"@type\":\"WebPage\",\"@id\":\"https:\\\/\\\/wp.kristdemokraterna.se\\\/ydre\\\/2016-05-20-ju-mer-vi-ar-tillsammans\\\/\",\"url\":\"https:\\\/\\\/wp.kristdemokraterna.se\\\/ydre\\\/2016-05-20-ju-mer-vi-ar-tillsammans\\\/\",\"name\":\"2016-05-20 Ju mer vi \u00e4r tillsammans - Kristdemokraterna i Ydre\",\"isPartOf\":{\"@id\":\"https:\\\/\\\/wp.kristdemokraterna.se\\\/ydre\\\/#website\"},\"primaryImageOfPage\":{\"@id\":\"https:\\\/\\\/wp.kristdemokraterna.se\\\/ydre\\\/2016-05-20-ju-mer-vi-ar-tillsammans\\\/#primaryimage\"},\"image\":{\"@id\":\"https:\\\/\\\/wp.kristdemokraterna.se\\\/ydre\\\/2016-05-20-ju-mer-vi-ar-tillsammans\\\/#primaryimage\"},\"thumbnailUrl\":\"http:\\\/\\\/ydrebo.se\\\/kd\\\/veckobrev2016\\\/myror.JPG\",\"datePublished\":\"2018-07-20T14:36:39+00:00\",\"dateModified\":\"2018-07-20T14:37:14+00:00\",\"breadcrumb\":{\"@id\":\"https:\\\/\\\/wp.kristdemokraterna.se\\\/ydre\\\/2016-05-20-ju-mer-vi-ar-tillsammans\\\/#breadcrumb\"},\"inLanguage\":\"sv-SE\",\"potentialAction\":[{\"@type\":\"ReadAction\",\"target\":[\"https:\\\/\\\/wp.kristdemokraterna.se\\\/ydre\\\/2016-05-20-ju-mer-vi-ar-tillsammans\\\/\"]}]},{\"@type\":\"ImageObject\",\"inLanguage\":\"sv-SE\",\"@id\":\"https:\\\/\\\/wp.kristdemokraterna.se\\\/ydre\\\/2016-05-20-ju-mer-vi-ar-tillsammans\\\/#primaryimage\",\"url\":\"http:\\\/\\\/ydrebo.se\\\/kd\\\/veckobrev2016\\\/myror.JPG\",\"contentUrl\":\"http:\\\/\\\/ydrebo.se\\\/kd\\\/veckobrev2016\\\/myror.JPG\"},{\"@type\":\"BreadcrumbList\",\"@id\":\"https:\\\/\\\/wp.kristdemokraterna.se\\\/ydre\\\/2016-05-20-ju-mer-vi-ar-tillsammans\\\/#breadcrumb\",\"itemListElement\":[{\"@type\":\"ListItem\",\"position\":1,\"name\":\"Hem\",\"item\":\"https:\\\/\\\/wp.kristdemokraterna.se\\\/ydre\\\/\"},{\"@type\":\"ListItem\",\"position\":2,\"name\":\"2016-05-20 Ju mer vi \u00e4r tillsammans\"}]},{\"@type\":\"WebSite\",\"@id\":\"https:\\\/\\\/wp.kristdemokraterna.se\\\/ydre\\\/#website\",\"url\":\"https:\\\/\\\/wp.kristdemokraterna.se\\\/ydre\\\/\",\"name\":\"Kristdemokraterna i Ydre\",\"description\":\"En till Kristdemokraterna webbplats\",\"inLanguage\":\"sv-SE\"}]}<\/script>\n<!-- \/ Yoast SEO plugin. -->","yoast_head_json":{"title":"2016-05-20 Ju mer vi \u00e4r tillsammans - Kristdemokraterna i Ydre","robots":{"index":"index","follow":"follow","max-snippet":"max-snippet:-1","max-image-preview":"max-image-preview:large","max-video-preview":"max-video-preview:-1"},"canonical":"https:\/\/wp.kristdemokraterna.se\/ydre\/2016-05-20-ju-mer-vi-ar-tillsammans\/","og_locale":"sv_SE","og_type":"article","og_title":"2016-05-20 Ju mer vi \u00e4r tillsammans - Kristdemokraterna i Ydre","og_description":"Man har \u00e4nnu inte hunnit ta beslut om sammanslagning av Sveriges regioner. Men redan nu ber\u00e4ttar den ansvarige ministern att han vill tills\u00e4tta en utredning om kommunsammanslagningar. Det s\u00e4gs att det b\u00f6r finnas minst 30000 inv\u00e5nare i varje kommun. Ju mer vi \u00e4r tillsammans, tillsammans, tillsammans&#8230; Sverige \u00e4r som ett hus med m\u00e5nga sm\u00e5 och L\u00e4s mer","og_url":"https:\/\/wp.kristdemokraterna.se\/ydre\/2016-05-20-ju-mer-vi-ar-tillsammans\/","og_site_name":"Kristdemokraterna i Ydre","article_modified_time":"2018-07-20T14:37:14+00:00","og_image":[{"url":"http:\/\/ydrebo.se\/kd\/veckobrev2016\/myror.JPG","type":"","width":"","height":""}],"twitter_card":"summary_large_image","twitter_misc":{"Ber\u00e4knad l\u00e4stid":"1 minut"},"schema":{"@context":"https:\/\/schema.org","@graph":[{"@type":"WebPage","@id":"https:\/\/wp.kristdemokraterna.se\/ydre\/2016-05-20-ju-mer-vi-ar-tillsammans\/","url":"https:\/\/wp.kristdemokraterna.se\/ydre\/2016-05-20-ju-mer-vi-ar-tillsammans\/","name":"2016-05-20 Ju mer vi \u00e4r tillsammans - Kristdemokraterna i Ydre","isPartOf":{"@id":"https:\/\/wp.kristdemokraterna.se\/ydre\/#website"},"primaryImageOfPage":{"@id":"https:\/\/wp.kristdemokraterna.se\/ydre\/2016-05-20-ju-mer-vi-ar-tillsammans\/#primaryimage"},"image":{"@id":"https:\/\/wp.kristdemokraterna.se\/ydre\/2016-05-20-ju-mer-vi-ar-tillsammans\/#primaryimage"},"thumbnailUrl":"http:\/\/ydrebo.se\/kd\/veckobrev2016\/myror.JPG","datePublished":"2018-07-20T14:36:39+00:00","dateModified":"2018-07-20T14:37:14+00:00","breadcrumb":{"@id":"https:\/\/wp.kristdemokraterna.se\/ydre\/2016-05-20-ju-mer-vi-ar-tillsammans\/#breadcrumb"},"inLanguage":"sv-SE","potentialAction":[{"@type":"ReadAction","target":["https:\/\/wp.kristdemokraterna.se\/ydre\/2016-05-20-ju-mer-vi-ar-tillsammans\/"]}]},{"@type":"ImageObject","inLanguage":"sv-SE","@id":"https:\/\/wp.kristdemokraterna.se\/ydre\/2016-05-20-ju-mer-vi-ar-tillsammans\/#primaryimage","url":"http:\/\/ydrebo.se\/kd\/veckobrev2016\/myror.JPG","contentUrl":"http:\/\/ydrebo.se\/kd\/veckobrev2016\/myror.JPG"},{"@type":"BreadcrumbList","@id":"https:\/\/wp.kristdemokraterna.se\/ydre\/2016-05-20-ju-mer-vi-ar-tillsammans\/#breadcrumb","itemListElement":[{"@type":"ListItem","position":1,"name":"Hem","item":"https:\/\/wp.kristdemokraterna.se\/ydre\/"},{"@type":"ListItem","position":2,"name":"2016-05-20 Ju mer vi \u00e4r tillsammans"}]},{"@type":"WebSite","@id":"https:\/\/wp.kristdemokraterna.se\/ydre\/#website","url":"https:\/\/wp.kristdemokraterna.se\/ydre\/","name":"Kristdemokraterna i Ydre","description":"En till Kristdemokraterna webbplats","inLanguage":"sv-SE"}]}},"_links":{"self":[{"href":"https:\/\/wp.kristdemokraterna.se\/ydre\/wp-json\/wp\/v2\/pages\/997","targetHints":{"allow":["GET"]}}],"collection":[{"href":"https:\/\/wp.kristdemokraterna.se\/ydre\/wp-json\/wp\/v2\/pages"}],"about":[{"href":"https:\/\/wp.kristdemokraterna.se\/ydre\/wp-json\/wp\/v2\/types\/page"}],"author":[{"embeddable":true,"href":"https:\/\/wp.kristdemokraterna.se\/ydre\/wp-json\/wp\/v2\/users\/793"}],"replies":[{"embeddable":true,"href":"https:\/\/wp.kristdemokraterna.se\/ydre\/wp-json\/wp\/v2\/comments?post=997"}],"version-history":[{"count":2,"href":"https:\/\/wp.kristdemokraterna.se\/ydre\/wp-json\/wp\/v2\/pages\/997\/revisions"}],"predecessor-version":[{"id":999,"href":"https:\/\/wp.kristdemokraterna.se\/ydre\/wp-json\/wp\/v2\/pages\/997\/revisions\/999"}],"wp:attachment":[{"href":"https:\/\/wp.kristdemokraterna.se\/ydre\/wp-json\/wp\/v2\/media?parent=997"}],"curies":[{"name":"wp","href":"https:\/\/api.w.org\/{rel}","templated":true}]}}